{"id":838,"date":"2024-09-27T01:09:48","date_gmt":"2024-09-26T23:09:48","guid":{"rendered":"https:\/\/www.christinesaintlaurens.com\/?page_id=838"},"modified":"2025-09-03T15:43:30","modified_gmt":"2025-09-03T13:43:30","slug":"home","status":"publish","type":"page","link":"https:\/\/www.christinesaintlaurens.com\/fr\/","title":{"rendered":"Accueil"},"content":{"rendered":"<div class=\"wpb-content-wrapper\"><div data-vc-full-width=\"true\" data-vc-full-width-temp=\"true\" data-vc-full-width-init=\"false\" class=\"vc_row wpb_row vc_row-fluid vc_custom_1728480133269 vc_row-has-fill\"><div class=\"wpb_column vc_column_container vc_col-sm-12\"><div class=\"vc_column-inner\"><div class=\"wpb_wrapper\"><div class=\"vc_row wpb_row vc_inner vc_row-fluid\"><div class=\"wpb_column vc_column_container vc_col-sm-3\"><div class=\"vc_column-inner\"><div class=\"wpb_wrapper\">\n\t<div  class=\"wpb_single_image wpb_content_element vc_align_center wpb_content_element\">\n\t\t\n\t\t<figure class=\"wpb_wrapper vc_figure\">\n\t\t\t<div class=\"vc_single_image-wrapper   vc_box_border_grey\"><img loading=\"lazy\" decoding=\"async\" width=\"1080\" height=\"1080\" src=\"https:\/\/www.christinesaintlaurens.com\/wp-content\/uploads\/2024\/10\/Christine-Saint-Laurens-Photo-GF-n\u00b01.png\" class=\"vc_single_image-img attachment-full\" alt=\"\" title=\"Christine Saint Laurens - Photo GF n\u00b01\" srcset=\"https:\/\/www.christinesaintlaurens.com\/wp-content\/uploads\/2024\/10\/Christine-Saint-Laurens-Photo-GF-n\u00b01.png 1080w, https:\/\/www.christinesaintlaurens.com\/wp-content\/uploads\/2024\/10\/Christine-Saint-Laurens-Photo-GF-n\u00b01-300x300.png 300w, https:\/\/www.christinesaintlaurens.com\/wp-content\/uploads\/2024\/10\/Christine-Saint-Laurens-Photo-GF-n\u00b01-1024x1024.png 1024w, https:\/\/www.christinesaintlaurens.com\/wp-content\/uploads\/2024\/10\/Christine-Saint-Laurens-Photo-GF-n\u00b01-150x150.png 150w, https:\/\/www.christinesaintlaurens.com\/wp-content\/uploads\/2024\/10\/Christine-Saint-Laurens-Photo-GF-n\u00b01-768x768.png 768w, https:\/\/www.christinesaintlaurens.com\/wp-content\/uploads\/2024\/10\/Christine-Saint-Laurens-Photo-GF-n\u00b01-12x12.png 12w\" sizes=\"auto, (max-width: 1080px) 100vw, 1080px\" \/><\/div>\n\t\t<\/figure>\n\t<\/div>\n<\/div><\/div><\/div><div class=\"wpb_column vc_column_container vc_col-sm-9\"><div class=\"vc_column-inner\"><div class=\"wpb_wrapper\">\n\t<div class=\"wpb_text_column wpb_content_element\" >\n\t\t<div class=\"wpb_wrapper\">\n\t\t\t<div style=\"text-align: center;\">\n<h3 style=\"text-align: center;\">Et si votre plus grand d\u00e9fi n\u2019\u00e9tait pas la performance\u2026 mais l\u2019\u00e9quilibre ?<\/h3>\n<p>Aujourd\u2019hui, les leaders avancent dans un monde mouvant, o\u00f9 les r\u00e9sultats comptent mais o\u00f9 l\u2019humain compte encore plus.<\/p>\n<p>Mon r\u00f4le : vous aider \u00e0 retrouver un souffle, une clart\u00e9, une boussole pour transformer la pression en \u00e9nergie constructive, vos relations en leviers et vos \u00e9quipes en alli\u00e9es.<\/p>\n<p>Parce que la vraie r\u00e9ussite n\u2019est pas seulement d\u2019atteindre des objectifs, c\u2019est de grandir en chemin avec impact mais sans s\u2019\u00e9puiser.<\/p>\n<\/div>\n\n\t\t<\/div>\n\t<\/div>\n<\/div><\/div><\/div><\/div><div class=\"vc_empty_space\"   style=\"height: 52px\"><span class=\"vc_empty_space_inner\"><\/span><\/div><\/div><\/div><\/div><\/div><div class=\"vc_row-full-width vc_clearfix\"><\/div><div data-vc-full-width=\"true\" data-vc-full-width-temp=\"true\" data-vc-full-width-init=\"false\" class=\"vc_row wpb_row vc_row-fluid vc_custom_1728489150294 vc_row-has-fill\"><div class=\"wpb_column vc_column_container vc_col-sm-12\"><div class=\"vc_column-inner\"><div class=\"wpb_wrapper\"><div class=\"vc_row wpb_row vc_inner vc_row-fluid vc_column-gap-15 vc_row-o-equal-height vc_row-flex\"><div class=\"wpb_column vc_column_container vc_col-sm-6 vc_col-has-fill\"><div class=\"vc_column-inner vc_custom_1727394668418\"><div class=\"wpb_wrapper\">\n\t<div class=\"wpb_text_column wpb_content_element\" >\n\t\t<div class=\"wpb_wrapper\">\n\t\t\t<h3 style=\"text-align: center;\">Passer \u00e0 l\u2019\u00e9chelon sup\u00e9rieur sans s\u2019\u00e9puiser, c\u2019est possible. Imaginez un avenir o\u00f9 :<\/h3>\n<p>&nbsp;<\/p>\n<p>&nbsp;<\/p>\n<ul>\n<li aria-level=\"1\">Vous prenez des d\u00e9cisions claires, m\u00eame dans la temp\u00eate<\/li>\n<li aria-level=\"1\">Votre posture parle pour vous et vous \u00eates enfin reconnue et entendue au bon niveau<\/li>\n<li aria-level=\"1\">Vous exercez un leadership qui rassemble sans que cela vous co\u00fbte votre \u00e9nergie<\/li>\n<li aria-level=\"1\">Vous alliez performance et bien-\u00eatre, sans devoir choisir l\u2019un au d\u00e9triment de l\u2019autre<\/li>\n<li aria-level=\"1\">Vous redevenez la protagoniste de votre histoire, en tra\u00e7ant votre trajectoire au lieu de la subir<\/li>\n<\/ul>\n<p>&nbsp;<\/p>\n\n\t\t<\/div>\n\t<\/div>\n<div class=\"vc_empty_space\"   style=\"height: 32px\"><span class=\"vc_empty_space_inner\"><\/span><\/div><\/div><\/div><\/div><div class=\"wpb_column vc_column_container vc_col-sm-6 vc_col-has-fill\"><div class=\"vc_column-inner vc_custom_1756896778221\"><div class=\"wpb_wrapper\">\n\t<div class=\"wpb_text_column wpb_content_element\" >\n\t\t<div class=\"wpb_wrapper\">\n\t\t\t<h3 style=\"text-align: center;\">Aujourd\u2019hui, beaucoup de femmes leaders \u00e9voluent dans des environnements dont les codes ne semblent pas faits pour elles.<\/h3>\n<p>&nbsp;<\/p>\n<ul>\n<li>Le syndrome de l\u2019imposteur qui grignote la confiance m\u00eame quand les r\u00e9sultats sont l\u00e0<\/li>\n<li>Le plafond de verre, parfois invisible mais bien r\u00e9el<\/li>\n<li>La charge \u00e9motionnelle et mentale, qui finit par \u00e9puiser<\/li>\n<li>La difficult\u00e9 \u00e0 rester align\u00e9e dans des codes qui ne vous ressemblent pas<\/li>\n<\/ul>\n<p>&nbsp;<\/p>\n\n\t\t<\/div>\n\t<\/div>\n<div class=\"vc_empty_space\"   style=\"height: 32px\"><span class=\"vc_empty_space_inner\"><\/span><\/div><\/div><\/div><\/div><\/div>\n\t<div class=\"wpb_text_column wpb_content_element\" >\n\t\t<div class=\"wpb_wrapper\">\n\t\t\t<h3 style=\"text-align: center;\">C\u2019est pour vous, pour celles et ceux qui ne se reconnaissent pas non plus dans ces codes que j\u2019ai cr\u00e9\u00e9 mon accompagnement.<\/h3>\n\n\t\t<\/div>\n\t<\/div>\n<div class=\"vc_empty_space\"   style=\"height: 32px\"><span class=\"vc_empty_space_inner\"><\/span><\/div><\/div><\/div><\/div><\/div><div class=\"vc_row-full-width vc_clearfix\"><\/div><div data-vc-full-width=\"true\" data-vc-full-width-temp=\"true\" data-vc-full-width-init=\"false\" class=\"vc_row wpb_row vc_row-fluid vc_custom_1727392687503 vc_row-has-fill\"><div class=\"wpb_column vc_column_container vc_col-sm-12\"><div class=\"vc_column-inner\"><div class=\"wpb_wrapper\"><h3 style=\"text-align: center\" class=\"vc_custom_heading vc_do_custom_heading\" >Je d\u00e9veloppe des solutions sur-mesure pour accompagner votre transformation gr\u00e2ce \u00e0 mon expertise :<\/h3><div class=\"services-wrapper services-boxed-photo cols-wrapper cols-3\"><div class=\"services-box col\"><a href=\"https:\/\/www.christinesaintlaurens.com\/fr\/expertises-services\/executivecoaching\/\"><div class=\"img-container\"><img decoding=\"async\" src=\"http:\/\/www.christinesaintlaurens.com\/wp-content\/uploads\/2024\/09\/103-e1725897966430-368x245.png\" alt=\"EXECUTIVE GLOBAL COACHING\"\/><\/div><\/a><div class=\"services-content\"><div class=\"sc-wraper\"><h3><a href=\"https:\/\/www.christinesaintlaurens.com\/fr\/expertises-services\/executivecoaching\/\">EXECUTIVE GLOBAL COACHING<\/a><\/h3><p>Diriger avec clart\u00e9, nourrir des relations authentiques et impulser des transformations durables en alignant actions et valeurs<\/p><\/div><\/div><\/div><div class=\"services-box col\"><a href=\"https:\/\/www.christinesaintlaurens.com\/fr\/expertises-services\/personalbranding\/\"><div class=\"img-container\"><img decoding=\"async\" src=\"http:\/\/www.christinesaintlaurens.com\/wp-content\/uploads\/2024\/09\/Christine-Saint-Laurens-Visuel-bannieres-n\u00b026-368x245.png\" alt=\"PERSONAL BRANDING\"\/><\/div><\/a><div class=\"services-content\"><div class=\"sc-wraper\"><h3><a href=\"https:\/\/www.christinesaintlaurens.com\/fr\/expertises-services\/personalbranding\/\">PERSONAL BRANDING<\/a><\/h3><p>D\u00e9velopper une pr\u00e9sence professionnelle forte en r\u00e9sonance avec les aspirations profondes, tisser et cultiver des relations solides et inspirantes<\/p><\/div><\/div><\/div><div class=\"services-box col nomargin\"><a href=\"https:\/\/www.christinesaintlaurens.com\/fr\/expertises-services\/neurosomatic-intelligence\/\"><div class=\"img-container\"><img decoding=\"async\" src=\"http:\/\/www.christinesaintlaurens.com\/wp-content\/uploads\/2024\/09\/84-e1725787153586-368x245.png\" alt=\"NEUROSOMATIC INTELLIGENCE COACHING\"\/><\/div><\/a><div class=\"services-content\"><div class=\"sc-wraper\"><h3><a href=\"https:\/\/www.christinesaintlaurens.com\/fr\/expertises-services\/neurosomatic-intelligence\/\">NEUROSOMATIC INTELLIGENCE COACHING<\/a><\/h3><p>D\u00e9velopper un \u00e9quilibre int\u00e9rieur permettant d'aborder les situations avec plus de s\u00e9r\u00e9nit\u00e9 et clart\u00e9 d'esprit pour une performance durable<\/p><\/div><\/div><\/div><div class=\"clear\"><\/div><\/div><\/div><\/div><\/div><\/div><div class=\"vc_row-full-width vc_clearfix\"><\/div><div data-vc-full-width=\"true\" data-vc-full-width-temp=\"true\" data-vc-full-width-init=\"false\" class=\"vc_row wpb_row vc_row-fluid vc_custom_1728489161584 vc_row-has-fill\"><div class=\"wpb_column vc_column_container vc_col-sm-12\"><div class=\"vc_column-inner\"><div class=\"wpb_wrapper\"><div class=\"vc_row wpb_row vc_inner vc_row-fluid vc_custom_1728484899068 vc_row-has-fill vc_column-gap-10 vc_row-o-content-middle vc_row-flex\"><div class=\"wpb_column vc_column_container vc_col-sm-12 vc_col-has-fill\"><div class=\"vc_column-inner vc_custom_1727394705086\"><div class=\"wpb_wrapper\">\n\t<div class=\"wpb_text_column wpb_content_element\" >\n\t\t<div class=\"wpb_wrapper\">\n\t\t\t<h3>Pourquoi me choisir ?<\/h3>\n<p>Je connais intimement ce que vivent les femmes que j\u2019accompagne.<\/p>\n<p>J\u2019ai \u00e9t\u00e9 cette leader sous pression, qui tenait sur tous les fronts en silence, tout en donnant l\u2019impression d\u2019assurer sans faille. J\u2019ai aussi connu l\u2019\u00e9puisement, le masque impeccable qui cache les fissures, le doute qui ronge malgr\u00e9 les r\u00e9ussites.<\/p>\n<p>C\u2019est ce chemin, du pilote automatique au retour \u00e0 soi, qui nourrit aujourd\u2019hui ma pratique de coach.<\/p>\n<p>Form\u00e9e \u00e0 HEC, avec plus de 20 ans d\u2019exp\u00e9rience dans des environnements internationaux exigeants, j\u2019accompagne d\u00e9sormais les leaders qui veulent franchir un cap sans s\u2019y perdre.<br \/>\nMon approche combine rigueur strat\u00e9gique, \u00e9l\u00e9gance relationnelle et r\u00e9gulation du syst\u00e8me nerveux pour cr\u00e9er des transformations durables.<\/p>\n<p>Ce que je propose, c\u2019est un espace o\u00f9 la performance ne se fait pas au d\u00e9triment de l\u2019humain :<br \/>\n\u2728 o\u00f9 vous pouvez reprendre souffle et discernement<br \/>\n\u2728 retrouver une posture align\u00e9e qui inspire confiance<br \/>\n\u2728 et exercer un leadership vivant, inspirant et durable<\/p>\n<p>Parce que l\u2019excellence ne doit jamais se payer de soi.<\/p>\n<p>&nbsp;<\/p>\n\n\t\t<\/div>\n\t<\/div>\n<\/div><\/div><\/div><\/div><div class=\"vc_empty_space\"   style=\"height: 52px\"><span class=\"vc_empty_space_inner\"><\/span><\/div><\/div><\/div><\/div><\/div><div class=\"vc_row-full-width vc_clearfix\"><\/div><div data-vc-full-width=\"true\" data-vc-full-width-temp=\"true\" data-vc-full-width-init=\"false\" class=\"vc_row wpb_row vc_row-fluid vc_custom_1727392687503 vc_row-has-fill\"><div class=\"wpb_column vc_column_container vc_col-sm-12\"><div class=\"vc_column-inner\"><div class=\"wpb_wrapper\"><div class=\"vc_row wpb_row vc_inner vc_row-fluid\"><div class=\"wpb_column vc_column_container vc_col-sm-12\"><div class=\"vc_column-inner\"><div class=\"wpb_wrapper\">\n\t<div class=\"wpb_text_column wpb_content_element\" >\n\t\t<div class=\"wpb_wrapper\">\n\t\t\t<h3 style=\"text-align: center;\"><span style=\"font-size: 14pt;\"><strong>Mes clientes ne cherchent pas seulement \u00e0 r\u00e9ussir. <\/strong><\/span><\/h3>\n<p>&nbsp;<\/p>\n<p>Elles veulent r\u00e9ussir sans se perdre.<\/p>\n<p>Elles veulent \u00e9voluer dans des environnements exigeants tout en restant fid\u00e8les \u00e0 elles-m\u00eames.<\/p>\n<p>Elles veulent \u00eatre reconnues, \u00e9cout\u00e9es, suivies sans devoir se conformer aux codes dominants dans lesquels elles ne se reconnaissent pas.<\/p>\n<p>Elles veulent un leadership qui inspire et f\u00e9d\u00e8re, sans sacrifier leur \u00e9nergie, leur sant\u00e9 ou leur joie de vivre.<\/p>\n<p>&nbsp;<\/p>\n<p>Si vous vous reconnaissez, je peux vous y accompagner. Pr\u00eate \u00e0 franchir ce cap ?<\/p>\n<p>&nbsp;<\/p>\n<p>&nbsp;<\/p>\n\n\t\t<\/div>\n\t<\/div>\n<div class=\"vc_btn3-container vc_btn3-center vc_do_btn\" ><a onmouseleave=\"this.style.borderColor='#FF6F61'; this.style.backgroundColor='transparent'; this.style.color='#FF6F61'\" onmouseenter=\"this.style.borderColor='#FF6F61'; this.style.backgroundColor='#FF6F61'; this.style.color='#ffffff';\" style=\"border-color:#FF6F61; color:#FF6F61;\" class=\"vc_general vc_btn3 vc_btn3-size-lg vc_btn3-shape-rounded vc_btn3-style-outline-custom vc_btn3-icon-left\" href=\"https:\/\/www.christinesaintlaurens.com\/fr\/contact\/\" title=\"Echangeons\"><i class=\"vc_btn3-icon far fa-arrow-alt-circle-right\"><\/i> Echangeons !<\/a><\/div><\/div><\/div><\/div><\/div><\/div><\/div><\/div><\/div><div class=\"vc_row-full-width vc_clearfix\"><\/div>\n<\/div>","protected":false},"excerpt":{"rendered":"What if your biggest challenge wasn't performance... but balance? Today's leaders operate in a changing world, where results matter, but [...]","protected":false},"author":2,"featured_media":0,"parent":0,"menu_order":0,"comment_status":"closed","ping_status":"closed","template":"","meta":{"footnotes":""},"class_list":["post-838","page","type-page","status-publish","hentry"],"yoast_head":"<!-- This site is optimized with the Yoast SEO plugin v25.8 - https:\/\/yoast.com\/wordpress\/plugins\/seo\/ -->\n<title>Home - Christine Saint Laurens<\/title>\n<meta name=\"robots\" content=\"index, follow, max-snippet:-1, max-image-preview:large, max-video-preview:-1\" \/>\n<link rel=\"canonical\" href=\"https:\/\/www.christinesaintlaurens.com\/fr\/\" \/>\n<meta property=\"og:locale\" content=\"fr_FR\" \/>\n<meta property=\"og:type\" content=\"article\" \/>\n<meta property=\"og:title\" content=\"Home - Christine Saint Laurens\" \/>\n<meta property=\"og:url\" content=\"https:\/\/www.christinesaintlaurens.com\/fr\/\" \/>\n<meta property=\"og:site_name\" content=\"Christine Saint Laurens\" \/>\n<meta property=\"article:modified_time\" content=\"2025-09-03T13:43:30+00:00\" \/>\n<meta name=\"twitter:card\" content=\"summary_large_image\" \/>\n<meta name=\"twitter:label1\" content=\"Dur\u00e9e de lecture estim\u00e9e\" \/>\n\t<meta name=\"twitter:data1\" content=\"4 minutes\" \/>\n<script type=\"application\/ld+json\" class=\"yoast-schema-graph\">{\"@context\":\"https:\/\/schema.org\",\"@graph\":[{\"@type\":\"WebPage\",\"@id\":\"https:\/\/www.christinesaintlaurens.com\/\",\"url\":\"https:\/\/www.christinesaintlaurens.com\/\",\"name\":\"Home - Christine Saint Laurens\",\"isPartOf\":{\"@id\":\"https:\/\/www.christinesaintlaurens.com\/#website\"},\"datePublished\":\"2024-09-26T23:09:48+00:00\",\"dateModified\":\"2025-09-03T13:43:30+00:00\",\"breadcrumb\":{\"@id\":\"https:\/\/www.christinesaintlaurens.com\/#breadcrumb\"},\"inLanguage\":\"fr-FR\",\"potentialAction\":[{\"@type\":\"ReadAction\",\"target\":[\"https:\/\/www.christinesaintlaurens.com\/\"]}]},{\"@type\":\"BreadcrumbList\",\"@id\":\"https:\/\/www.christinesaintlaurens.com\/#breadcrumb\",\"itemListElement\":[{\"@type\":\"ListItem\",\"position\":1,\"name\":\"Home\",\"item\":\"https:\/\/www.christinesaintlaurens.com\/\"},{\"@type\":\"ListItem\",\"position\":2,\"name\":\"Home\"}]},{\"@type\":\"WebSite\",\"@id\":\"https:\/\/www.christinesaintlaurens.com\/#website\",\"url\":\"https:\/\/www.christinesaintlaurens.com\/\",\"name\":\"Christine Saint Laurens\",\"description\":\"\",\"publisher\":{\"@id\":\"https:\/\/www.christinesaintlaurens.com\/#organization\"},\"potentialAction\":[{\"@type\":\"SearchAction\",\"target\":{\"@type\":\"EntryPoint\",\"urlTemplate\":\"https:\/\/www.christinesaintlaurens.com\/?s={search_term_string}\"},\"query-input\":{\"@type\":\"PropertyValueSpecification\",\"valueRequired\":true,\"valueName\":\"search_term_string\"}}],\"inLanguage\":\"fr-FR\"},{\"@type\":\"Organization\",\"@id\":\"https:\/\/www.christinesaintlaurens.com\/#organization\",\"name\":\"Christine Saint Laurens\",\"url\":\"https:\/\/www.christinesaintlaurens.com\/\",\"logo\":{\"@type\":\"ImageObject\",\"inLanguage\":\"fr-FR\",\"@id\":\"https:\/\/www.christinesaintlaurens.com\/#\/schema\/logo\/image\/\",\"url\":\"https:\/\/www.christinesaintlaurens.com\/wp-content\/uploads\/2024\/09\/Votre-texte-de-paragraphe1-e1725373555603.png\",\"contentUrl\":\"https:\/\/www.christinesaintlaurens.com\/wp-content\/uploads\/2024\/09\/Votre-texte-de-paragraphe1-e1725373555603.png\",\"width\":268,\"height\":70,\"caption\":\"Christine Saint Laurens\"},\"image\":{\"@id\":\"https:\/\/www.christinesaintlaurens.com\/#\/schema\/logo\/image\/\"},\"sameAs\":[\"https:\/\/www.linkedin.com\/in\/christine-saint-laurens\/\"]}]}<\/script>\n<!-- \/ Yoast SEO plugin. -->","yoast_head_json":{"title":"Home - Christine Saint Laurens","robots":{"index":"index","follow":"follow","max-snippet":"max-snippet:-1","max-image-preview":"max-image-preview:large","max-video-preview":"max-video-preview:-1"},"canonical":"https:\/\/www.christinesaintlaurens.com\/fr\/","og_locale":"fr_FR","og_type":"article","og_title":"Home - Christine Saint Laurens","og_url":"https:\/\/www.christinesaintlaurens.com\/fr\/","og_site_name":"Christine Saint Laurens","article_modified_time":"2025-09-03T13:43:30+00:00","twitter_card":"summary_large_image","twitter_misc":{"Dur\u00e9e de lecture estim\u00e9e":"4 minutes"},"schema":{"@context":"https:\/\/schema.org","@graph":[{"@type":"WebPage","@id":"https:\/\/www.christinesaintlaurens.com\/","url":"https:\/\/www.christinesaintlaurens.com\/","name":"Home - Christine Saint Laurens","isPartOf":{"@id":"https:\/\/www.christinesaintlaurens.com\/#website"},"datePublished":"2024-09-26T23:09:48+00:00","dateModified":"2025-09-03T13:43:30+00:00","breadcrumb":{"@id":"https:\/\/www.christinesaintlaurens.com\/#breadcrumb"},"inLanguage":"fr-FR","potentialAction":[{"@type":"ReadAction","target":["https:\/\/www.christinesaintlaurens.com\/"]}]},{"@type":"BreadcrumbList","@id":"https:\/\/www.christinesaintlaurens.com\/#breadcrumb","itemListElement":[{"@type":"ListItem","position":1,"name":"Home","item":"https:\/\/www.christinesaintlaurens.com\/"},{"@type":"ListItem","position":2,"name":"Home"}]},{"@type":"WebSite","@id":"https:\/\/www.christinesaintlaurens.com\/#website","url":"https:\/\/www.christinesaintlaurens.com\/","name":"Christine Saint Laurens","description":"","publisher":{"@id":"https:\/\/www.christinesaintlaurens.com\/#organization"},"potentialAction":[{"@type":"SearchAction","target":{"@type":"EntryPoint","urlTemplate":"https:\/\/www.christinesaintlaurens.com\/?s={search_term_string}"},"query-input":{"@type":"PropertyValueSpecification","valueRequired":true,"valueName":"search_term_string"}}],"inLanguage":"fr-FR"},{"@type":"Organization","@id":"https:\/\/www.christinesaintlaurens.com\/#organization","name":"Christine Saint Laurens","url":"https:\/\/www.christinesaintlaurens.com\/","logo":{"@type":"ImageObject","inLanguage":"fr-FR","@id":"https:\/\/www.christinesaintlaurens.com\/#\/schema\/logo\/image\/","url":"https:\/\/www.christinesaintlaurens.com\/wp-content\/uploads\/2024\/09\/Votre-texte-de-paragraphe1-e1725373555603.png","contentUrl":"https:\/\/www.christinesaintlaurens.com\/wp-content\/uploads\/2024\/09\/Votre-texte-de-paragraphe1-e1725373555603.png","width":268,"height":70,"caption":"Christine Saint Laurens"},"image":{"@id":"https:\/\/www.christinesaintlaurens.com\/#\/schema\/logo\/image\/"},"sameAs":["https:\/\/www.linkedin.com\/in\/christine-saint-laurens\/"]}]}},"_links":{"self":[{"href":"https:\/\/www.christinesaintlaurens.com\/fr\/wp-json\/wp\/v2\/pages\/838","targetHints":{"allow":["GET"]}}],"collection":[{"href":"https:\/\/www.christinesaintlaurens.com\/fr\/wp-json\/wp\/v2\/pages"}],"about":[{"href":"https:\/\/www.christinesaintlaurens.com\/fr\/wp-json\/wp\/v2\/types\/page"}],"author":[{"embeddable":true,"href":"https:\/\/www.christinesaintlaurens.com\/fr\/wp-json\/wp\/v2\/users\/2"}],"replies":[{"embeddable":true,"href":"https:\/\/www.christinesaintlaurens.com\/fr\/wp-json\/wp\/v2\/comments?post=838"}],"version-history":[{"count":51,"href":"https:\/\/www.christinesaintlaurens.com\/fr\/wp-json\/wp\/v2\/pages\/838\/revisions"}],"predecessor-version":[{"id":2404,"href":"https:\/\/www.christinesaintlaurens.com\/fr\/wp-json\/wp\/v2\/pages\/838\/revisions\/2404"}],"wp:attachment":[{"href":"https:\/\/www.christinesaintlaurens.com\/fr\/wp-json\/wp\/v2\/media?parent=838"}],"curies":[{"name":"wp","href":"https:\/\/api.w.org\/{rel}","templated":true}]}}