{"id":2066,"date":"2024-09-27T15:47:13","date_gmt":"2024-09-27T13:47:13","guid":{"rendered":"https:\/\/www.christinesaintlaurens.com\/?page_id=2066"},"modified":"2024-10-04T23:08:10","modified_gmt":"2024-10-04T21:08:10","slug":"partners","status":"publish","type":"page","link":"https:\/\/www.christinesaintlaurens.com\/fr\/partners\/","title":{"rendered":"Partenaires"},"content":{"rendered":"<div class=\"wpb-content-wrapper\"><div data-vc-full-width=\"true\" data-vc-full-width-temp=\"true\" data-vc-full-width-init=\"false\" class=\"vc_row wpb_row vc_row-fluid vc_custom_1727392687503 vc_row-has-fill\"><div class=\"wpb_column vc_column_container vc_col-sm-12\"><div class=\"vc_column-inner\"><div class=\"wpb_wrapper\">\n\t<div class=\"wpb_text_column wpb_content_element\" >\n\t\t<div class=\"wpb_wrapper\">\n\t\t\t<div class=\"wp-block-uagb-info-box uagb-block-nlaztcqy uagb-infobox__content-wrap uagb-infobox-icon-above-title uagb-infobox-image-valign-top wp-block-uagb-info-box--has-margin\">\n<div class=\"uagb-infobox-margin-wrapper\">\n<div class=\"uagb-ifb-content\">\n<p class=\"uagb-ifb-desc\">Christine travaille en \u00e9troite collaboration avec une \u00e9quipe restreinte de partenaires experts, s\u00e9lectionn\u00e9s avec soin pour leur leadership av\u00e9r\u00e9 et leur expertise approfondie dans leurs domaines respectifs. Gr\u00e2ce \u00e0 cette \u00e9quipe, elle peut offrir \u00e0 ses clients des coachs sp\u00e9cialis\u00e9s, des facilitateurs et des experts sectoriels adapt\u00e9s \u00e0 leurs besoins sp\u00e9cifiques ainsi qu\u2019une large couverture g\u00e9ographique.<br \/>Les partenaires de Christine apportent une richesse de connaissances dans les domaines tels que :<\/p>\n<\/div>\n<\/div>\n<\/div>\n<p><!-- \/wp:post-content -->\u00a0<\/p>\n<p><!-- wp:uagb\/icon-list {\"block_id\":\"89d9b7f4\",\"classMigrate\":true,\"childMigrate\":true} --><\/p>\n<div class=\"wp-block-uagb-icon-list uagb-block-89d9b7f4\">\n<div class=\"uagb-icon-list__wrap\"><!-- wp:uagb\/icon-list-child {\"block_id\":\"608f84e8\",\"label\":\"Executive talent assessment and development\",\"label_color\":\"\"} --><\/p>\n<ul>\n<li class=\"wp-block-uagb-icon-list-child uagb-block-608f84e8\"><span class=\"uagb-icon-list__label\">\u00c9valuation et d\u00e9veloppement des talents<\/span><!-- \/wp:uagb\/icon-list-child -->\n<p><!-- wp:uagb\/icon-list-child {\"block_id\":\"76df024d\",\"label\":\"Board effectiveness\",\"label_color\":\"\"} --><\/li>\n<li class=\"wp-block-uagb-icon-list-child uagb-block-76df024d\"><span class=\"uagb-icon-list__label\">Efficacit\u00e9 des conseils d\u2019administration<\/span><!-- \/wp:uagb\/icon-list-child -->\n<p><!-- wp:uagb\/icon-list-child {\"block_id\":\"822c8ab4\",\"label\":\"Organizational development and design\",\"label_color\":\"\"} --><\/li>\n<li class=\"wp-block-uagb-icon-list-child uagb-block-822c8ab4\"><span class=\"uagb-icon-list__label\">D\u00e9veloppement et conception organisationnels<\/span><!-- \/wp:uagb\/icon-list-child -->\n<p><!-- wp:uagb\/icon-list-child {\"block_id\":\"d88f5e93\",\"label\":\"Change management and transformation\",\"label_color\":\"\"} --><\/li>\n<li class=\"wp-block-uagb-icon-list-child uagb-block-d88f5e93\"><span class=\"uagb-icon-list__label\">Gestion du changement et transformation<\/span><!-- \/wp:uagb\/icon-list-child -->\n<p><!-- wp:uagb\/icon-list-child {\"block_id\":\"fcf268b1\",\"label\":\"Climate and culture change\",\"label_color\":\"\"} --><\/li>\n<li class=\"wp-block-uagb-icon-list-child uagb-block-fcf268b1\"><span class=\"uagb-icon-list__label\">Renforcement de l'engagement des employ\u00e9s<\/span><!-- \/wp:uagb\/icon-list-child -->\n<p><!-- wp:uagb\/icon-list-child {\"block_id\":\"014bc9fd\",\"label\":\"Enhancing employee engagement\",\"label_color\":\"\"} --><\/li>\n<li class=\"wp-block-uagb-icon-list-child uagb-block-014bc9fd\"><span class=\"uagb-icon-list__label\">Repositionnement sur le march\u00e9<\/span><!-- \/wp:uagb\/icon-list-child -->\n<p><!-- wp:uagb\/icon-list-child {\"block_id\":\"5df53a9b\",\"label\":\"Market repositioning\",\"label_color\":\"\"} --><\/li>\n<li class=\"wp-block-uagb-icon-list-child uagb-block-5df53a9b\"><span class=\"uagb-icon-list__label\">Strat\u00e9gie et mise en \u0153uvre ESG<\/span><!-- \/wp:uagb\/icon-list-child -->\n<p><!-- wp:uagb\/icon-list-child {\"block_id\":\"61a97b57\",\"label\":\"ESG strategy and implementation\",\"label_color\":\"\"} --><\/li>\n<li class=\"wp-block-uagb-icon-list-child uagb-block-61a97b57\"><span class=\"uagb-icon-list__label\">Conseil strat\u00e9gique<\/span><!-- \/wp:uagb\/icon-list-child -->\n<p><!-- wp:uagb\/icon-list-child {\"block_id\":\"12ff5ba5\",\"label\":\"Strategic consulting\",\"label_color\":\"\"} --><\/li>\n<li class=\"wp-block-uagb-icon-list-child uagb-block-12ff5ba5\"><span class=\"uagb-icon-list__label\">QVT etc<\/span><\/li>\n<\/ul>\n<p><!-- \/wp:uagb\/icon-list-child --><\/div>\n<\/div>\n<p><!-- \/wp:uagb\/icon-list -->\u00a0<\/p>\n<p><!-- wp:paragraph -->En outre, Christine collabore avec des coachs partageant les m\u00eames id\u00e9es pour fournir des services \u00e9volutifs dans des r\u00e9gions g\u00e9ographiques plus larges, en s'assurant que ses clients re\u00e7oivent un soutien complet o\u00f9 qu'ils se trouvent.<\/p>\n\n\t\t<\/div>\n\t<\/div>\n<div class=\"vc_empty_space\"   style=\"height: 52px\"><span class=\"vc_empty_space_inner\"><\/span><\/div><\/div><\/div><\/div><\/div><div class=\"vc_row-full-width vc_clearfix\"><\/div><\/div>","protected":false},"excerpt":{"rendered":"Christine works closely with a select team of expert associates, each hand-picked for their proven leadership and deep industry expertise. [...]","protected":false},"author":2,"featured_media":0,"parent":0,"menu_order":0,"comment_status":"closed","ping_status":"closed","template":"","meta":{"footnotes":""},"class_list":["post-2066","page","type-page","status-publish","hentry"],"yoast_head":"<!-- This site is optimized with the Yoast SEO plugin v25.8 - https:\/\/yoast.com\/wordpress\/plugins\/seo\/ -->\n<title>Partners - Christine Saint Laurens<\/title>\n<meta name=\"robots\" content=\"index, follow, max-snippet:-1, max-image-preview:large, max-video-preview:-1\" \/>\n<link rel=\"canonical\" href=\"https:\/\/www.christinesaintlaurens.com\/fr\/partners\/\" \/>\n<meta property=\"og:locale\" content=\"fr_FR\" \/>\n<meta property=\"og:type\" content=\"article\" \/>\n<meta property=\"og:title\" content=\"Partners - Christine Saint Laurens\" \/>\n<meta property=\"og:url\" content=\"https:\/\/www.christinesaintlaurens.com\/fr\/partners\/\" \/>\n<meta property=\"og:site_name\" content=\"Christine Saint Laurens\" \/>\n<meta property=\"article:modified_time\" content=\"2024-10-04T21:08:10+00:00\" \/>\n<meta name=\"twitter:card\" content=\"summary_large_image\" \/>\n<meta name=\"twitter:label1\" content=\"Dur\u00e9e de lecture estim\u00e9e\" \/>\n\t<meta name=\"twitter:data1\" content=\"3 minutes\" \/>\n<script type=\"application\/ld+json\" class=\"yoast-schema-graph\">{\"@context\":\"https:\/\/schema.org\",\"@graph\":[{\"@type\":\"WebPage\",\"@id\":\"https:\/\/www.christinesaintlaurens.com\/partners\/\",\"url\":\"https:\/\/www.christinesaintlaurens.com\/partners\/\",\"name\":\"Partners - Christine Saint Laurens\",\"isPartOf\":{\"@id\":\"https:\/\/www.christinesaintlaurens.com\/#website\"},\"datePublished\":\"2024-09-27T13:47:13+00:00\",\"dateModified\":\"2024-10-04T21:08:10+00:00\",\"breadcrumb\":{\"@id\":\"https:\/\/www.christinesaintlaurens.com\/partners\/#breadcrumb\"},\"inLanguage\":\"fr-FR\",\"potentialAction\":[{\"@type\":\"ReadAction\",\"target\":[\"https:\/\/www.christinesaintlaurens.com\/partners\/\"]}]},{\"@type\":\"BreadcrumbList\",\"@id\":\"https:\/\/www.christinesaintlaurens.com\/partners\/#breadcrumb\",\"itemListElement\":[{\"@type\":\"ListItem\",\"position\":1,\"name\":\"Home\",\"item\":\"https:\/\/www.christinesaintlaurens.com\/\"},{\"@type\":\"ListItem\",\"position\":2,\"name\":\"Partners\"}]},{\"@type\":\"WebSite\",\"@id\":\"https:\/\/www.christinesaintlaurens.com\/#website\",\"url\":\"https:\/\/www.christinesaintlaurens.com\/\",\"name\":\"Christine Saint Laurens\",\"description\":\"\",\"publisher\":{\"@id\":\"https:\/\/www.christinesaintlaurens.com\/#organization\"},\"potentialAction\":[{\"@type\":\"SearchAction\",\"target\":{\"@type\":\"EntryPoint\",\"urlTemplate\":\"https:\/\/www.christinesaintlaurens.com\/?s={search_term_string}\"},\"query-input\":{\"@type\":\"PropertyValueSpecification\",\"valueRequired\":true,\"valueName\":\"search_term_string\"}}],\"inLanguage\":\"fr-FR\"},{\"@type\":\"Organization\",\"@id\":\"https:\/\/www.christinesaintlaurens.com\/#organization\",\"name\":\"Christine Saint Laurens\",\"url\":\"https:\/\/www.christinesaintlaurens.com\/\",\"logo\":{\"@type\":\"ImageObject\",\"inLanguage\":\"fr-FR\",\"@id\":\"https:\/\/www.christinesaintlaurens.com\/#\/schema\/logo\/image\/\",\"url\":\"https:\/\/www.christinesaintlaurens.com\/wp-content\/uploads\/2024\/09\/Votre-texte-de-paragraphe1-e1725373555603.png\",\"contentUrl\":\"https:\/\/www.christinesaintlaurens.com\/wp-content\/uploads\/2024\/09\/Votre-texte-de-paragraphe1-e1725373555603.png\",\"width\":268,\"height\":70,\"caption\":\"Christine Saint Laurens\"},\"image\":{\"@id\":\"https:\/\/www.christinesaintlaurens.com\/#\/schema\/logo\/image\/\"},\"sameAs\":[\"https:\/\/www.linkedin.com\/in\/christine-saint-laurens\/\"]}]}<\/script>\n<!-- \/ Yoast SEO plugin. -->","yoast_head_json":{"title":"Partners - Christine Saint Laurens","robots":{"index":"index","follow":"follow","max-snippet":"max-snippet:-1","max-image-preview":"max-image-preview:large","max-video-preview":"max-video-preview:-1"},"canonical":"https:\/\/www.christinesaintlaurens.com\/fr\/partners\/","og_locale":"fr_FR","og_type":"article","og_title":"Partners - Christine Saint Laurens","og_url":"https:\/\/www.christinesaintlaurens.com\/fr\/partners\/","og_site_name":"Christine Saint Laurens","article_modified_time":"2024-10-04T21:08:10+00:00","twitter_card":"summary_large_image","twitter_misc":{"Dur\u00e9e de lecture estim\u00e9e":"3 minutes"},"schema":{"@context":"https:\/\/schema.org","@graph":[{"@type":"WebPage","@id":"https:\/\/www.christinesaintlaurens.com\/partners\/","url":"https:\/\/www.christinesaintlaurens.com\/partners\/","name":"Partners - Christine Saint Laurens","isPartOf":{"@id":"https:\/\/www.christinesaintlaurens.com\/#website"},"datePublished":"2024-09-27T13:47:13+00:00","dateModified":"2024-10-04T21:08:10+00:00","breadcrumb":{"@id":"https:\/\/www.christinesaintlaurens.com\/partners\/#breadcrumb"},"inLanguage":"fr-FR","potentialAction":[{"@type":"ReadAction","target":["https:\/\/www.christinesaintlaurens.com\/partners\/"]}]},{"@type":"BreadcrumbList","@id":"https:\/\/www.christinesaintlaurens.com\/partners\/#breadcrumb","itemListElement":[{"@type":"ListItem","position":1,"name":"Home","item":"https:\/\/www.christinesaintlaurens.com\/"},{"@type":"ListItem","position":2,"name":"Partners"}]},{"@type":"WebSite","@id":"https:\/\/www.christinesaintlaurens.com\/#website","url":"https:\/\/www.christinesaintlaurens.com\/","name":"Christine Saint Laurens","description":"","publisher":{"@id":"https:\/\/www.christinesaintlaurens.com\/#organization"},"potentialAction":[{"@type":"SearchAction","target":{"@type":"EntryPoint","urlTemplate":"https:\/\/www.christinesaintlaurens.com\/?s={search_term_string}"},"query-input":{"@type":"PropertyValueSpecification","valueRequired":true,"valueName":"search_term_string"}}],"inLanguage":"fr-FR"},{"@type":"Organization","@id":"https:\/\/www.christinesaintlaurens.com\/#organization","name":"Christine Saint Laurens","url":"https:\/\/www.christinesaintlaurens.com\/","logo":{"@type":"ImageObject","inLanguage":"fr-FR","@id":"https:\/\/www.christinesaintlaurens.com\/#\/schema\/logo\/image\/","url":"https:\/\/www.christinesaintlaurens.com\/wp-content\/uploads\/2024\/09\/Votre-texte-de-paragraphe1-e1725373555603.png","contentUrl":"https:\/\/www.christinesaintlaurens.com\/wp-content\/uploads\/2024\/09\/Votre-texte-de-paragraphe1-e1725373555603.png","width":268,"height":70,"caption":"Christine Saint Laurens"},"image":{"@id":"https:\/\/www.christinesaintlaurens.com\/#\/schema\/logo\/image\/"},"sameAs":["https:\/\/www.linkedin.com\/in\/christine-saint-laurens\/"]}]}},"_links":{"self":[{"href":"https:\/\/www.christinesaintlaurens.com\/fr\/wp-json\/wp\/v2\/pages\/2066","targetHints":{"allow":["GET"]}}],"collection":[{"href":"https:\/\/www.christinesaintlaurens.com\/fr\/wp-json\/wp\/v2\/pages"}],"about":[{"href":"https:\/\/www.christinesaintlaurens.com\/fr\/wp-json\/wp\/v2\/types\/page"}],"author":[{"embeddable":true,"href":"https:\/\/www.christinesaintlaurens.com\/fr\/wp-json\/wp\/v2\/users\/2"}],"replies":[{"embeddable":true,"href":"https:\/\/www.christinesaintlaurens.com\/fr\/wp-json\/wp\/v2\/comments?post=2066"}],"version-history":[{"count":3,"href":"https:\/\/www.christinesaintlaurens.com\/fr\/wp-json\/wp\/v2\/pages\/2066\/revisions"}],"predecessor-version":[{"id":2195,"href":"https:\/\/www.christinesaintlaurens.com\/fr\/wp-json\/wp\/v2\/pages\/2066\/revisions\/2195"}],"wp:attachment":[{"href":"https:\/\/www.christinesaintlaurens.com\/fr\/wp-json\/wp\/v2\/media?parent=2066"}],"curies":[{"name":"wp","href":"https:\/\/api.w.org\/{rel}","templated":true}]}}