{"id":2065,"date":"2024-09-27T15:45:22","date_gmt":"2024-09-27T13:45:22","guid":{"rendered":"https:\/\/www.christinesaintlaurens.com\/?page_id=2065"},"modified":"2024-10-04T23:07:00","modified_gmt":"2024-10-04T21:07:00","slug":"credentials","status":"publish","type":"page","link":"https:\/\/www.christinesaintlaurens.com\/fr\/credentials\/","title":{"rendered":"Certfications"},"content":{"rendered":"<div class=\"wpb-content-wrapper\"><div data-vc-full-width=\"true\" data-vc-full-width-temp=\"true\" data-vc-full-width-init=\"false\" class=\"vc_row wpb_row vc_row-fluid vc_custom_1727392687503 vc_row-has-fill\"><div class=\"wpb_column vc_column_container vc_col-sm-12\"><div class=\"vc_column-inner\"><div class=\"wpb_wrapper\">\n\t<div class=\"wpb_text_column wpb_content_element\" >\n\t\t<div class=\"wpb_wrapper\">\n\t\t\t<h3>Christine croit profond\u00e9ment en l'importance de l'apprentissage continu.<\/h3>\n<p>Au-del\u00e0 de sa certification initiale de coach, elle a int\u00e9gr\u00e9 de nouvelles expertises tout au long de son parcours. Avec un \u00e9tat d'esprit tourn\u00e9 vers la croissance, elle inspire les leaders \u00e0 investir en eux-m\u00eames, \u00e0 s'engager dans leur d\u00e9veloppement personnel, et \u00e0 d\u00e9ployer tout leur potentiel pour se r\u00e9aliser pleinement.<\/p>\n\n\t\t<\/div>\n\t<\/div>\n<div class=\"services-wrapper services-boxed-photo cols-wrapper cols-3\"><div class=\"services-box col\"><div class=\"img-container\"><img decoding=\"async\" src=\"http:\/\/www.christinesaintlaurens.com\/wp-content\/uploads\/2024\/09\/1-3-368x245.png\" alt=\"Global Executive Coaching Certification\"\/><\/div><div class=\"services-content\"><div class=\"sc-wraper\"><h3>Certifi\u00e9e par HEC en Global Executive Coaching<\/h3><\/div><\/div><\/div><div class=\"services-box col\"><div class=\"img-container\"><img decoding=\"async\" src=\"http:\/\/www.christinesaintlaurens.com\/wp-content\/uploads\/2024\/09\/3-3-368x245.png\" alt=\"Positive Psychology Coaching Certification\"\/><\/div><div class=\"services-content\"><div class=\"sc-wraper\"><h3>Certifi\u00e9e en Coaching en Psychologie Positive (accr\u00e9dit\u00e9 ICF)<\/h3><\/div><\/div><\/div><div class=\"services-box col nomargin\"><div class=\"img-container\"><img decoding=\"async\" src=\"http:\/\/www.christinesaintlaurens.com\/wp-content\/uploads\/2024\/09\/7-2-368x245.png\" alt=\"Neurosomatic Intelligence Coaching Certification (ICF accredited)\"\/><\/div><div class=\"services-content\"><div class=\"sc-wraper\"><h3>Certifi\u00e9e en coaching en Intelligence Neurosomatique (accr\u00e9dit\u00e9 ICF)<\/h3><\/div><\/div><\/div><div class=\"services-box col\"><div class=\"img-container\"><img decoding=\"async\" src=\"http:\/\/www.christinesaintlaurens.com\/wp-content\/uploads\/2024\/09\/9-1-368x245.png\" alt=\"Personal Branding Strategist &amp; French Touch Master\"\/><\/div><div class=\"services-content\"><div class=\"sc-wraper\"><h3>Strat\u00e9giste en Personal Branding &amp; Master French Touch<\/h3><\/div><\/div><\/div><div class=\"services-box col\"><div class=\"img-container\"><img decoding=\"async\" src=\"http:\/\/www.christinesaintlaurens.com\/wp-content\/uploads\/2024\/09\/2-5-368x245.png\" alt=\"Hogan Assessment Certification\"\/><\/div><div class=\"services-content\"><div class=\"sc-wraper\"><h3>Certifi\u00e9e pour les Assessments HOGAN<\/h3><\/div><\/div><\/div><div class=\"services-box col nomargin\"><div class=\"img-container\"><img decoding=\"async\" src=\"http:\/\/www.christinesaintlaurens.com\/wp-content\/uploads\/2024\/09\/4-2-368x245.png\" alt=\"Systemic Organizational Constellations Facilitator\"\/><\/div><div class=\"services-content\"><div class=\"sc-wraper\"><h3>Facilitatrice de constellations d\u2019organisation<\/h3><\/div><\/div><\/div><div class=\"services-box col\"><div class=\"img-container\"><img decoding=\"async\" src=\"http:\/\/www.christinesaintlaurens.com\/wp-content\/uploads\/2024\/09\/6-2-368x245.png\" alt=\"Oratory Coaching Certification\"\/><\/div><div class=\"services-content\"><div class=\"sc-wraper\"><h3>Certification en coaching en Art Oratoire<\/h3><\/div><\/div><\/div><div class=\"services-box col\"><div class=\"img-container\"><img decoding=\"async\" src=\"http:\/\/www.christinesaintlaurens.com\/wp-content\/uploads\/2024\/09\/8-1-368x245.png\" alt=\"EFT  (Emotional Freedom Technique) Level 2 practitioner\"\/><\/div><div class=\"services-content\"><div class=\"sc-wraper\"><h3>Praticienne niveau 2 en EFT (Emotional Freedom Technique)<\/h3><\/div><\/div><\/div><div class=\"services-box col nomargin\"><div class=\"img-container\"><img decoding=\"async\" src=\"http:\/\/www.christinesaintlaurens.com\/wp-content\/uploads\/2024\/09\/5-3-368x245.png\" alt=\"Developing Sustainable Business Models University Diploma\"\/><\/div><div class=\"services-content\"><div class=\"sc-wraper\"><h3>Diplome universitaire : Developing Sustainable Business Models<\/h3><\/div><\/div><\/div><div class=\"clear\"><\/div><\/div><\/div><\/div><\/div><\/div><div class=\"vc_row-full-width vc_clearfix\"><\/div>\n<\/div>","protected":false},"excerpt":{"rendered":"Christine has held multiple certifications throughout her career as an executive &amp; leadership coach, consultant, and sparring partner. She believes [...]","protected":false},"author":2,"featured_media":0,"parent":0,"menu_order":0,"comment_status":"closed","ping_status":"closed","template":"","meta":{"footnotes":""},"class_list":["post-2065","page","type-page","status-publish","hentry"],"yoast_head":"<!-- This site is optimized with the Yoast SEO plugin v25.8 - https:\/\/yoast.com\/wordpress\/plugins\/seo\/ -->\n<title>Credentials - Christine Saint Laurens<\/title>\n<meta name=\"robots\" content=\"index, follow, max-snippet:-1, max-image-preview:large, max-video-preview:-1\" \/>\n<link rel=\"canonical\" href=\"https:\/\/www.christinesaintlaurens.com\/fr\/credentials\/\" \/>\n<meta property=\"og:locale\" content=\"fr_FR\" \/>\n<meta property=\"og:type\" content=\"article\" \/>\n<meta property=\"og:title\" content=\"Credentials - Christine Saint Laurens\" \/>\n<meta property=\"og:url\" content=\"https:\/\/www.christinesaintlaurens.com\/fr\/credentials\/\" \/>\n<meta property=\"og:site_name\" content=\"Christine Saint Laurens\" \/>\n<meta property=\"article:modified_time\" content=\"2024-10-04T21:07:00+00:00\" \/>\n<meta name=\"twitter:card\" content=\"summary_large_image\" \/>\n<meta name=\"twitter:label1\" content=\"Dur\u00e9e de lecture estim\u00e9e\" \/>\n\t<meta name=\"twitter:data1\" content=\"3 minutes\" \/>\n<script type=\"application\/ld+json\" class=\"yoast-schema-graph\">{\"@context\":\"https:\/\/schema.org\",\"@graph\":[{\"@type\":\"WebPage\",\"@id\":\"https:\/\/www.christinesaintlaurens.com\/credentials\/\",\"url\":\"https:\/\/www.christinesaintlaurens.com\/credentials\/\",\"name\":\"Credentials - Christine Saint Laurens\",\"isPartOf\":{\"@id\":\"https:\/\/www.christinesaintlaurens.com\/#website\"},\"datePublished\":\"2024-09-27T13:45:22+00:00\",\"dateModified\":\"2024-10-04T21:07:00+00:00\",\"breadcrumb\":{\"@id\":\"https:\/\/www.christinesaintlaurens.com\/credentials\/#breadcrumb\"},\"inLanguage\":\"fr-FR\",\"potentialAction\":[{\"@type\":\"ReadAction\",\"target\":[\"https:\/\/www.christinesaintlaurens.com\/credentials\/\"]}]},{\"@type\":\"BreadcrumbList\",\"@id\":\"https:\/\/www.christinesaintlaurens.com\/credentials\/#breadcrumb\",\"itemListElement\":[{\"@type\":\"ListItem\",\"position\":1,\"name\":\"Home\",\"item\":\"https:\/\/www.christinesaintlaurens.com\/\"},{\"@type\":\"ListItem\",\"position\":2,\"name\":\"Credentials\"}]},{\"@type\":\"WebSite\",\"@id\":\"https:\/\/www.christinesaintlaurens.com\/#website\",\"url\":\"https:\/\/www.christinesaintlaurens.com\/\",\"name\":\"Christine Saint Laurens\",\"description\":\"\",\"publisher\":{\"@id\":\"https:\/\/www.christinesaintlaurens.com\/#organization\"},\"potentialAction\":[{\"@type\":\"SearchAction\",\"target\":{\"@type\":\"EntryPoint\",\"urlTemplate\":\"https:\/\/www.christinesaintlaurens.com\/?s={search_term_string}\"},\"query-input\":{\"@type\":\"PropertyValueSpecification\",\"valueRequired\":true,\"valueName\":\"search_term_string\"}}],\"inLanguage\":\"fr-FR\"},{\"@type\":\"Organization\",\"@id\":\"https:\/\/www.christinesaintlaurens.com\/#organization\",\"name\":\"Christine Saint Laurens\",\"url\":\"https:\/\/www.christinesaintlaurens.com\/\",\"logo\":{\"@type\":\"ImageObject\",\"inLanguage\":\"fr-FR\",\"@id\":\"https:\/\/www.christinesaintlaurens.com\/#\/schema\/logo\/image\/\",\"url\":\"https:\/\/www.christinesaintlaurens.com\/wp-content\/uploads\/2024\/09\/Votre-texte-de-paragraphe1-e1725373555603.png\",\"contentUrl\":\"https:\/\/www.christinesaintlaurens.com\/wp-content\/uploads\/2024\/09\/Votre-texte-de-paragraphe1-e1725373555603.png\",\"width\":268,\"height\":70,\"caption\":\"Christine Saint Laurens\"},\"image\":{\"@id\":\"https:\/\/www.christinesaintlaurens.com\/#\/schema\/logo\/image\/\"},\"sameAs\":[\"https:\/\/www.linkedin.com\/in\/christine-saint-laurens\/\"]}]}<\/script>\n<!-- \/ Yoast SEO plugin. -->","yoast_head_json":{"title":"Credentials - Christine Saint Laurens","robots":{"index":"index","follow":"follow","max-snippet":"max-snippet:-1","max-image-preview":"max-image-preview:large","max-video-preview":"max-video-preview:-1"},"canonical":"https:\/\/www.christinesaintlaurens.com\/fr\/credentials\/","og_locale":"fr_FR","og_type":"article","og_title":"Credentials - Christine Saint Laurens","og_url":"https:\/\/www.christinesaintlaurens.com\/fr\/credentials\/","og_site_name":"Christine Saint Laurens","article_modified_time":"2024-10-04T21:07:00+00:00","twitter_card":"summary_large_image","twitter_misc":{"Dur\u00e9e de lecture estim\u00e9e":"3 minutes"},"schema":{"@context":"https:\/\/schema.org","@graph":[{"@type":"WebPage","@id":"https:\/\/www.christinesaintlaurens.com\/credentials\/","url":"https:\/\/www.christinesaintlaurens.com\/credentials\/","name":"Credentials - Christine Saint Laurens","isPartOf":{"@id":"https:\/\/www.christinesaintlaurens.com\/#website"},"datePublished":"2024-09-27T13:45:22+00:00","dateModified":"2024-10-04T21:07:00+00:00","breadcrumb":{"@id":"https:\/\/www.christinesaintlaurens.com\/credentials\/#breadcrumb"},"inLanguage":"fr-FR","potentialAction":[{"@type":"ReadAction","target":["https:\/\/www.christinesaintlaurens.com\/credentials\/"]}]},{"@type":"BreadcrumbList","@id":"https:\/\/www.christinesaintlaurens.com\/credentials\/#breadcrumb","itemListElement":[{"@type":"ListItem","position":1,"name":"Home","item":"https:\/\/www.christinesaintlaurens.com\/"},{"@type":"ListItem","position":2,"name":"Credentials"}]},{"@type":"WebSite","@id":"https:\/\/www.christinesaintlaurens.com\/#website","url":"https:\/\/www.christinesaintlaurens.com\/","name":"Christine Saint Laurens","description":"","publisher":{"@id":"https:\/\/www.christinesaintlaurens.com\/#organization"},"potentialAction":[{"@type":"SearchAction","target":{"@type":"EntryPoint","urlTemplate":"https:\/\/www.christinesaintlaurens.com\/?s={search_term_string}"},"query-input":{"@type":"PropertyValueSpecification","valueRequired":true,"valueName":"search_term_string"}}],"inLanguage":"fr-FR"},{"@type":"Organization","@id":"https:\/\/www.christinesaintlaurens.com\/#organization","name":"Christine Saint Laurens","url":"https:\/\/www.christinesaintlaurens.com\/","logo":{"@type":"ImageObject","inLanguage":"fr-FR","@id":"https:\/\/www.christinesaintlaurens.com\/#\/schema\/logo\/image\/","url":"https:\/\/www.christinesaintlaurens.com\/wp-content\/uploads\/2024\/09\/Votre-texte-de-paragraphe1-e1725373555603.png","contentUrl":"https:\/\/www.christinesaintlaurens.com\/wp-content\/uploads\/2024\/09\/Votre-texte-de-paragraphe1-e1725373555603.png","width":268,"height":70,"caption":"Christine Saint Laurens"},"image":{"@id":"https:\/\/www.christinesaintlaurens.com\/#\/schema\/logo\/image\/"},"sameAs":["https:\/\/www.linkedin.com\/in\/christine-saint-laurens\/"]}]}},"_links":{"self":[{"href":"https:\/\/www.christinesaintlaurens.com\/fr\/wp-json\/wp\/v2\/pages\/2065","targetHints":{"allow":["GET"]}}],"collection":[{"href":"https:\/\/www.christinesaintlaurens.com\/fr\/wp-json\/wp\/v2\/pages"}],"about":[{"href":"https:\/\/www.christinesaintlaurens.com\/fr\/wp-json\/wp\/v2\/types\/page"}],"author":[{"embeddable":true,"href":"https:\/\/www.christinesaintlaurens.com\/fr\/wp-json\/wp\/v2\/users\/2"}],"replies":[{"embeddable":true,"href":"https:\/\/www.christinesaintlaurens.com\/fr\/wp-json\/wp\/v2\/comments?post=2065"}],"version-history":[{"count":5,"href":"https:\/\/www.christinesaintlaurens.com\/fr\/wp-json\/wp\/v2\/pages\/2065\/revisions"}],"predecessor-version":[{"id":2185,"href":"https:\/\/www.christinesaintlaurens.com\/fr\/wp-json\/wp\/v2\/pages\/2065\/revisions\/2185"}],"wp:attachment":[{"href":"https:\/\/www.christinesaintlaurens.com\/fr\/wp-json\/wp\/v2\/media?parent=2065"}],"curies":[{"name":"wp","href":"https:\/\/api.w.org\/{rel}","templated":true}]}}