{"id":2059,"date":"2024-09-27T15:26:55","date_gmt":"2024-09-27T13:26:55","guid":{"rendered":"https:\/\/www.christinesaintlaurens.com\/?page_id=2059"},"modified":"2025-09-04T14:57:44","modified_gmt":"2025-09-04T12:57:44","slug":"personalbranding","status":"publish","type":"page","link":"https:\/\/www.christinesaintlaurens.com\/fr\/expertises-services\/personalbranding\/","title":{"rendered":"Personal Branding"},"content":{"rendered":"<div class=\"wpb-content-wrapper\"><div data-vc-full-width=\"true\" data-vc-full-width-temp=\"true\" data-vc-full-width-init=\"false\" class=\"vc_row wpb_row vc_row-fluid vc_custom_1728495978375 vc_row-has-fill\"><div class=\"wpb_column vc_column_container vc_col-sm-12\"><div class=\"vc_column-inner\"><div class=\"wpb_wrapper\"><div class=\"vc_row wpb_row vc_inner vc_row-fluid vc_row-o-content-middle vc_row-flex\"><div class=\"wpb_column vc_column_container vc_col-sm-12\"><div class=\"vc_column-inner\"><div class=\"wpb_wrapper\">\n\t<div class=\"wpb_text_column wpb_content_element\" >\n\t\t<div class=\"wpb_wrapper\">\n\t\t\t<p>Vous avez d\u00e9j\u00e0 la comp\u00e9tence et la cr\u00e9dibilit\u00e9.<\/p>\n<p>Mais parfois, elles ne suffisent pas \u00e0 faire rayonner votre pr\u00e9sence.<\/p>\n<p>Le Personal Branding, ce n\u2019est pas \u201cse vendre\u201d : c\u2019est incarner ce qui vous rend unique pour que les autres le per\u00e7oivent, sans effort ni sur-jeu.<\/p>\n\n\t\t<\/div>\n\t<\/div>\n<\/div><\/div><\/div><\/div><\/div><\/div><\/div><\/div><div class=\"vc_row-full-width vc_clearfix\"><\/div><div data-vc-full-width=\"true\" data-vc-full-width-temp=\"true\" data-vc-full-width-init=\"false\" class=\"vc_row wpb_row vc_row-fluid vc_custom_1756974654954 vc_row-has-fill\"><div class=\"wpb_column vc_column_container vc_col-sm-12\"><div class=\"vc_column-inner\"><div class=\"wpb_wrapper\"><div class=\"vc_row wpb_row vc_inner vc_row-fluid vc_row-o-equal-height vc_row-o-content-middle vc_row-flex\"><div class=\"wpb_column vc_column_container vc_col-sm-8\"><div class=\"vc_column-inner\"><div class=\"wpb_wrapper\">\n\t<div class=\"wpb_text_column wpb_content_element\" >\n\t\t<div class=\"wpb_wrapper\">\n\t\t\t<div class=\"uagb-ifb-title-wrap\">\n<h3 class=\"uagb-ifb-title-prefix\">Pourquoi le Personal Branding est-il essentiel pour les dirigeants d'aujourd'hui ?<\/h3>\n<\/div>\n<p>Dans un environnement o\u00f9 tout va vite, il est facile de se laisser enfermer dans son r\u00f4le ou dans les attentes des autres.<br \/>\nR\u00e9sultat : on travaille beaucoup, mais on n\u2019est pas toujours reconnu \u00e0 sa juste valeur.<\/p>\n<p>Peut-\u00eatre que vous vous dites :<\/p>\n<ul>\n<li>\u201cOn me voit comme une experte, mais pas encore comme une leader.\u201d<\/li>\n<li>\u201cJe voudrais \u00eatre plus \u00e0 l\u2019aise et plus cr\u00e9dible quand je prends la parole.\u201d<\/li>\n<li>\u201cJe veux avoir de l\u2019impact\u2026 sans avoir \u00e0 forcer.\u201d<\/li>\n<\/ul>\n<p>Le Personal Branding, c\u2019est la r\u00e9ponse \u00e0 ces enjeux : se d\u00e9marquer <strong>sans masque<\/strong>, \u00eatre reconnu pour ce que l\u2019on apporte et inspirer par sa pr\u00e9sence autant que par ses id\u00e9es.<\/p>\n\n\t\t<\/div>\n\t<\/div>\n<\/div><\/div><\/div><div class=\"wpb_column vc_column_container vc_col-sm-4\"><div class=\"vc_column-inner\"><div class=\"wpb_wrapper\">\n\t<div  class=\"wpb_single_image wpb_content_element vc_align_center wpb_content_element\">\n\t\t\n\t\t<figure class=\"wpb_wrapper vc_figure\">\n\t\t\t<div class=\"vc_single_image-wrapper   vc_box_border_grey\"><img loading=\"lazy\" decoding=\"async\" width=\"1080\" height=\"1080\" src=\"https:\/\/www.christinesaintlaurens.com\/wp-content\/uploads\/2024\/10\/55.png\" class=\"vc_single_image-img attachment-full\" alt=\"\" title=\"55\" srcset=\"https:\/\/www.christinesaintlaurens.com\/wp-content\/uploads\/2024\/10\/55.png 1080w, https:\/\/www.christinesaintlaurens.com\/wp-content\/uploads\/2024\/10\/55-300x300.png 300w, https:\/\/www.christinesaintlaurens.com\/wp-content\/uploads\/2024\/10\/55-1024x1024.png 1024w, https:\/\/www.christinesaintlaurens.com\/wp-content\/uploads\/2024\/10\/55-150x150.png 150w, https:\/\/www.christinesaintlaurens.com\/wp-content\/uploads\/2024\/10\/55-768x768.png 768w, https:\/\/www.christinesaintlaurens.com\/wp-content\/uploads\/2024\/10\/55-12x12.png 12w\" sizes=\"auto, (max-width: 1080px) 100vw, 1080px\" \/><\/div>\n\t\t<\/figure>\n\t<\/div>\n<\/div><\/div><\/div><\/div><div class=\"vc_row wpb_row vc_inner vc_row-fluid vc_row-o-equal-height vc_row-o-content-middle vc_row-flex\"><div class=\"wpb_column vc_column_container vc_col-sm-4\"><div class=\"vc_column-inner\"><div class=\"wpb_wrapper\"><div class=\"vc_empty_space\"   style=\"height: 32px\"><span class=\"vc_empty_space_inner\"><\/span><\/div>\n\t<div  class=\"wpb_single_image wpb_content_element vc_align_center wpb_content_element\">\n\t\t\n\t\t<figure class=\"wpb_wrapper vc_figure\">\n\t\t\t<div class=\"vc_single_image-wrapper   vc_box_border_grey\"><img loading=\"lazy\" decoding=\"async\" width=\"1080\" height=\"1080\" src=\"https:\/\/www.christinesaintlaurens.com\/wp-content\/uploads\/2024\/10\/54.png\" class=\"vc_single_image-img attachment-full\" alt=\"\" title=\"54\" srcset=\"https:\/\/www.christinesaintlaurens.com\/wp-content\/uploads\/2024\/10\/54.png 1080w, https:\/\/www.christinesaintlaurens.com\/wp-content\/uploads\/2024\/10\/54-300x300.png 300w, https:\/\/www.christinesaintlaurens.com\/wp-content\/uploads\/2024\/10\/54-1024x1024.png 1024w, https:\/\/www.christinesaintlaurens.com\/wp-content\/uploads\/2024\/10\/54-150x150.png 150w, https:\/\/www.christinesaintlaurens.com\/wp-content\/uploads\/2024\/10\/54-768x768.png 768w, https:\/\/www.christinesaintlaurens.com\/wp-content\/uploads\/2024\/10\/54-12x12.png 12w\" sizes=\"auto, (max-width: 1080px) 100vw, 1080px\" \/><\/div>\n\t\t<\/figure>\n\t<\/div>\n<\/div><\/div><\/div><div class=\"wpb_column vc_column_container vc_col-sm-8\"><div class=\"vc_column-inner\"><div class=\"wpb_wrapper\">\n\t<div class=\"wpb_text_column wpb_content_element\" >\n\t\t<div class=\"wpb_wrapper\">\n\t\t\t<div class=\"uagb-ifb-title-wrap\">\n<h3 class=\"uagb-ifb-title-prefix\">Mon approche<\/h3>\n<p>Je ne travaille pas sur \u201cl\u2019image\u201d ou sur un vernis marketing. Mon r\u00f4le est plut\u00f4t de vous aider \u00e0 :<\/p>\n<ul>\n<li class=\"uagb-ifb-title-prefix\">mettre en lumi\u00e8re vos forces et vos valeurs<\/li>\n<li class=\"uagb-ifb-title-prefix\">trouver la fa\u00e7on la plus naturelle de les incarner<\/li>\n<li class=\"uagb-ifb-title-prefix\">aligner votre communication avec ce que vous \u00eates vraiment<\/li>\n<\/ul>\n<p class=\"uagb-ifb-title-prefix\">Mon why  : accompagner les personnes \u00e0 reprendre les r\u00eanes de leur vie et \u00e0 prendre conscience de leur impact. Parce qu\u2019une pr\u00e9sence authentique n\u2019a rien d\u2019un r\u00f4le qu\u2019on joue : c\u2019est une \u00e9nergie qui se transmet.<\/p>\n<\/div>\n\n\t\t<\/div>\n\t<\/div>\n<\/div><\/div><\/div><\/div><div class=\"vc_row wpb_row vc_inner vc_row-fluid vc_row-o-equal-height vc_row-o-content-middle vc_row-flex\"><div class=\"wpb_column vc_column_container vc_col-sm-8\"><div class=\"vc_column-inner\"><div class=\"wpb_wrapper\">\n\t<div class=\"wpb_text_column wpb_content_element\" >\n\t\t<div class=\"wpb_wrapper\">\n\t\t\t<div class=\"uagb-ifb-title-wrap\">\n<h3 class=\"uagb-ifb-title-prefix\">Les b\u00e9n\u00e9fices concrets<\/h3>\n<\/div>\n<p>En travaillant sur votre marque personnelle, vous pourrez :<\/p>\n<ul>\n<li>tre reconnue pour votre valeur unique, m\u00eame dans des environnements comp\u00e9titifs<\/li>\n<li>Prendre la parole avec plus de confiance et de charisme<\/li>\n<li>D\u00e9velopper une cr\u00e9dibilit\u00e9 qui ouvre la porte \u00e0 de nouvelles opportunit\u00e9s (projets strat\u00e9giques, invitations \u00e0 parler, promotions)<\/li>\n<li>Cr\u00e9er une coh\u00e9rence entre votre style de leadership, vos ambitions et votre communication<\/li>\n<li>Retrouver du plaisir dans vos interactions professionnelles, au lieu d\u2019avoir l\u2019impression de \u201cjouer un r\u00f4le\u201d<\/li>\n<\/ul>\n\n\t\t<\/div>\n\t<\/div>\n<\/div><\/div><\/div><div class=\"wpb_column vc_column_container vc_col-sm-4\"><div class=\"vc_column-inner\"><div class=\"wpb_wrapper\">\n\t<div  class=\"wpb_single_image wpb_content_element vc_align_center wpb_content_element\">\n\t\t\n\t\t<figure class=\"wpb_wrapper vc_figure\">\n\t\t\t<div class=\"vc_single_image-wrapper   vc_box_border_grey\"><img loading=\"lazy\" decoding=\"async\" width=\"1080\" height=\"1080\" src=\"https:\/\/www.christinesaintlaurens.com\/wp-content\/uploads\/2024\/10\/53.png\" class=\"vc_single_image-img attachment-full\" alt=\"\" title=\"53\" srcset=\"https:\/\/www.christinesaintlaurens.com\/wp-content\/uploads\/2024\/10\/53.png 1080w, https:\/\/www.christinesaintlaurens.com\/wp-content\/uploads\/2024\/10\/53-300x300.png 300w, https:\/\/www.christinesaintlaurens.com\/wp-content\/uploads\/2024\/10\/53-1024x1024.png 1024w, https:\/\/www.christinesaintlaurens.com\/wp-content\/uploads\/2024\/10\/53-150x150.png 150w, https:\/\/www.christinesaintlaurens.com\/wp-content\/uploads\/2024\/10\/53-768x768.png 768w, https:\/\/www.christinesaintlaurens.com\/wp-content\/uploads\/2024\/10\/53-12x12.png 12w\" sizes=\"auto, (max-width: 1080px) 100vw, 1080px\" \/><\/div>\n\t\t<\/figure>\n\t<\/div>\n<\/div><\/div><\/div><\/div><div class=\"vc_empty_space\"   style=\"height: 52px\"><span class=\"vc_empty_space_inner\"><\/span><\/div><\/div><\/div><\/div><\/div><div class=\"vc_row-full-width vc_clearfix\"><\/div><div data-vc-full-width=\"true\" data-vc-full-width-temp=\"true\" data-vc-full-width-init=\"false\" class=\"vc_row wpb_row vc_row-fluid vc_custom_1728496319882 vc_row-has-fill\"><div class=\"wpb_column vc_column_container vc_col-sm-12\"><div class=\"vc_column-inner\"><div class=\"wpb_wrapper\"><h3 style=\"text-align: center\" class=\"vc_custom_heading vc_do_custom_heading\" >What you'll experience<\/h3><div class=\"vc_empty_space\"   style=\"height: 52px\"><span class=\"vc_empty_space_inner\"><\/span><\/div>\n\t<div class=\"wpb_text_column wpb_content_element\" >\n\t\t<div class=\"wpb_wrapper\">\n\t\t\t<p>Tailored support that adapts to your background and goals:<\/p>\n\n\t\t<\/div>\n\t<\/div>\n<div class=\"vc_row wpb_row vc_inner vc_row-fluid\"><div class=\"wpb_column vc_column_container vc_col-sm-4\"><div class=\"vc_column-inner\"><div class=\"wpb_wrapper\">\n\t<div  class=\"wpb_single_image wpb_content_element vc_align_left wpb_content_element\">\n\t\t\n\t\t<figure class=\"wpb_wrapper vc_figure\">\n\t\t\t<div class=\"vc_single_image-wrapper   vc_box_border_grey\"><img loading=\"lazy\" decoding=\"async\" width=\"1127\" height=\"744\" src=\"https:\/\/www.christinesaintlaurens.com\/wp-content\/uploads\/2025\/09\/1-1-1.jpeg\" class=\"vc_single_image-img attachment-full\" alt=\"\" title=\"Design sans titre - 6\" srcset=\"https:\/\/www.christinesaintlaurens.com\/wp-content\/uploads\/2025\/09\/1-1-1.jpeg 1127w, https:\/\/www.christinesaintlaurens.com\/wp-content\/uploads\/2025\/09\/1-1-1-300x198.jpeg 300w, https:\/\/www.christinesaintlaurens.com\/wp-content\/uploads\/2025\/09\/1-1-1-1024x676.jpeg 1024w, https:\/\/www.christinesaintlaurens.com\/wp-content\/uploads\/2025\/09\/1-1-1-768x507.jpeg 768w, https:\/\/www.christinesaintlaurens.com\/wp-content\/uploads\/2025\/09\/1-1-1-18x12.jpeg 18w\" sizes=\"auto, (max-width: 1127px) 100vw, 1127px\" \/><\/div>\n\t\t<\/figure>\n\t<\/div>\n<div class=\"lvca-heading lvca-style3 lvca-aligncenter\" ><h3 class=\"lvca-title\">Mine<\/h3><\/div>\n\t<div class=\"wpb_text_column wpb_content_element\" >\n\t\t<div class=\"wpb_wrapper\">\n\t\t\t<p>together we mine, explore, clarify your strengths, values, assets and deepest aspirations<\/p>\n\n\t\t<\/div>\n\t<\/div>\n<\/div><\/div><\/div><div class=\"wpb_column vc_column_container vc_col-sm-4\"><div class=\"vc_column-inner\"><div class=\"wpb_wrapper\">\n\t<div  class=\"wpb_single_image wpb_content_element vc_align_left wpb_content_element\">\n\t\t\n\t\t<figure class=\"wpb_wrapper vc_figure\">\n\t\t\t<div class=\"vc_single_image-wrapper   vc_box_border_grey\"><img loading=\"lazy\" decoding=\"async\" width=\"1123\" height=\"743\" src=\"https:\/\/www.christinesaintlaurens.com\/wp-content\/uploads\/2025\/09\/1-2-1.jpeg\" class=\"vc_single_image-img attachment-full\" alt=\"\" title=\"Design sans titre - 6\" srcset=\"https:\/\/www.christinesaintlaurens.com\/wp-content\/uploads\/2025\/09\/1-2-1.jpeg 1123w, https:\/\/www.christinesaintlaurens.com\/wp-content\/uploads\/2025\/09\/1-2-1-300x198.jpeg 300w, https:\/\/www.christinesaintlaurens.com\/wp-content\/uploads\/2025\/09\/1-2-1-1024x677.jpeg 1024w, https:\/\/www.christinesaintlaurens.com\/wp-content\/uploads\/2025\/09\/1-2-1-768x508.jpeg 768w, https:\/\/www.christinesaintlaurens.com\/wp-content\/uploads\/2025\/09\/1-2-1-18x12.jpeg 18w\" sizes=\"auto, (max-width: 1123px) 100vw, 1123px\" \/><\/div>\n\t\t<\/figure>\n\t<\/div>\n<div class=\"lvca-heading lvca-style3 lvca-aligncenter\" ><h3 class=\"lvca-title\">Refine<\/h3><\/div>\n\t<div class=\"wpb_text_column wpb_content_element\" >\n\t\t<div class=\"wpb_wrapper\">\n\t\t\t<p>you work on your message, communication style, posture and define strategies to develop your presence, influence and visibility while feeling fully aligned with you you are<\/p>\n\n\t\t<\/div>\n\t<\/div>\n<\/div><\/div><\/div><div class=\"wpb_column vc_column_container vc_col-sm-4\"><div class=\"vc_column-inner\"><div class=\"wpb_wrapper\">\n\t<div  class=\"wpb_single_image wpb_content_element vc_align_left wpb_content_element\">\n\t\t\n\t\t<figure class=\"wpb_wrapper vc_figure\">\n\t\t\t<div class=\"vc_single_image-wrapper   vc_box_border_grey\"><img loading=\"lazy\" decoding=\"async\" width=\"1119\" height=\"741\" src=\"https:\/\/www.christinesaintlaurens.com\/wp-content\/uploads\/2025\/09\/1-3.jpeg\" class=\"vc_single_image-img attachment-full\" alt=\"\" title=\"Design sans titre - 7\" srcset=\"https:\/\/www.christinesaintlaurens.com\/wp-content\/uploads\/2025\/09\/1-3.jpeg 1119w, https:\/\/www.christinesaintlaurens.com\/wp-content\/uploads\/2025\/09\/1-3-300x199.jpeg 300w, https:\/\/www.christinesaintlaurens.com\/wp-content\/uploads\/2025\/09\/1-3-1024x678.jpeg 1024w, https:\/\/www.christinesaintlaurens.com\/wp-content\/uploads\/2025\/09\/1-3-768x509.jpeg 768w, https:\/\/www.christinesaintlaurens.com\/wp-content\/uploads\/2025\/09\/1-3-18x12.jpeg 18w\" sizes=\"auto, (max-width: 1119px) 100vw, 1119px\" \/><\/div>\n\t\t<\/figure>\n\t<\/div>\n<div class=\"lvca-heading lvca-style3 lvca-aligncenter\" ><h3 class=\"lvca-title\">Shine<\/h3><\/div>\n\t<div class=\"wpb_text_column wpb_content_element\" >\n\t\t<div class=\"wpb_wrapper\">\n\t\t\t<p>you experiment in real-life situations, with my feedback, to firmly establish your presence<\/p>\n\n\t\t<\/div>\n\t<\/div>\n<\/div><\/div><\/div><\/div><div class=\"vc_empty_space\"   style=\"height: 52px\"><span class=\"vc_empty_space_inner\"><\/span><\/div>\n\t<div class=\"wpb_text_column wpb_content_element\" >\n\t\t<div class=\"wpb_wrapper\">\n\t\t\t<p>Each step brings you closer to a personal brand that resonates with you and those around you<\/p>\n\n\t\t<\/div>\n\t<\/div>\n<\/div><\/div><\/div><\/div><div class=\"vc_row-full-width vc_clearfix\"><\/div><div data-vc-full-width=\"true\" data-vc-full-width-temp=\"true\" data-vc-full-width-init=\"false\" class=\"vc_row wpb_row vc_row-fluid vc_custom_1727392687503 vc_row-has-fill\"><div class=\"wpb_column vc_column_container vc_col-sm-12\"><div class=\"vc_column-inner\"><div class=\"wpb_wrapper\"><div class=\"vc_empty_space\"   style=\"height: 32px\"><span class=\"vc_empty_space_inner\"><\/span><\/div>\n\t<div class=\"wpb_text_column wpb_content_element\" >\n\t\t<div class=\"wpb_wrapper\">\n\t\t\t<h3 style=\"text-align: center;\">Votre pr\u00e9sence m\u00e9rite d\u2019\u00eatre per\u00e7ue \u00e0 sa juste valeur.<br \/>\nJe vous accompagne \u00e0 franchir le pas.<\/h3>\n\n\t\t<\/div>\n\t<\/div>\n<div class=\"vc_btn3-container vc_btn3-center vc_do_btn\" ><a onmouseleave=\"this.style.borderColor='#FF6F61'; this.style.backgroundColor='transparent'; this.style.color='#FF6F61'\" onmouseenter=\"this.style.borderColor='#FF6F61'; this.style.backgroundColor='#FF6F61'; this.style.color='#fff';\" style=\"border-color:#FF6F61; color:#FF6F61;\" class=\"vc_general vc_btn3 vc_btn3-size-md vc_btn3-shape-rounded vc_btn3-style-outline-custom\" href=\"https:\/\/www.christinesaintlaurens.com\/fr\/expertises-services\/personal-branding\/\" title=\"Echangeons\">Let's Talk<\/a><\/div><\/div><\/div><\/div><\/div><div class=\"vc_row-full-width vc_clearfix\"><\/div>\n<\/div>","protected":false},"excerpt":{"rendered":"You already have the skills and credibility. But sometimes, they are not enough to make your presence shine. Personal branding [...]","protected":false},"author":2,"featured_media":0,"parent":2046,"menu_order":0,"comment_status":"closed","ping_status":"closed","template":"","meta":{"footnotes":""},"class_list":["post-2059","page","type-page","status-publish","hentry"],"yoast_head":"<!-- This site is optimized with the Yoast SEO plugin v25.8 - https:\/\/yoast.com\/wordpress\/plugins\/seo\/ -->\n<title>Personal Branding - Christine Saint Laurens<\/title>\n<meta name=\"robots\" content=\"index, follow, max-snippet:-1, max-image-preview:large, max-video-preview:-1\" \/>\n<link rel=\"canonical\" href=\"https:\/\/www.christinesaintlaurens.com\/fr\/expertises-services\/personalbranding\/\" \/>\n<meta property=\"og:locale\" content=\"fr_FR\" \/>\n<meta property=\"og:type\" content=\"article\" \/>\n<meta property=\"og:title\" content=\"Personal Branding - Christine Saint Laurens\" \/>\n<meta property=\"og:url\" content=\"https:\/\/www.christinesaintlaurens.com\/fr\/expertises-services\/personalbranding\/\" \/>\n<meta property=\"og:site_name\" content=\"Christine Saint Laurens\" \/>\n<meta property=\"article:modified_time\" content=\"2025-09-04T12:57:44+00:00\" \/>\n<meta name=\"twitter:card\" content=\"summary_large_image\" \/>\n<meta name=\"twitter:label1\" content=\"Dur\u00e9e de lecture estim\u00e9e\" \/>\n\t<meta name=\"twitter:data1\" content=\"4 minutes\" \/>\n<script type=\"application\/ld+json\" class=\"yoast-schema-graph\">{\"@context\":\"https:\/\/schema.org\",\"@graph\":[{\"@type\":\"WebPage\",\"@id\":\"https:\/\/www.christinesaintlaurens.com\/expertises-services\/personalbranding\/\",\"url\":\"https:\/\/www.christinesaintlaurens.com\/expertises-services\/personalbranding\/\",\"name\":\"Personal Branding - Christine Saint Laurens\",\"isPartOf\":{\"@id\":\"https:\/\/www.christinesaintlaurens.com\/#website\"},\"datePublished\":\"2024-09-27T13:26:55+00:00\",\"dateModified\":\"2025-09-04T12:57:44+00:00\",\"breadcrumb\":{\"@id\":\"https:\/\/www.christinesaintlaurens.com\/expertises-services\/personalbranding\/#breadcrumb\"},\"inLanguage\":\"fr-FR\",\"potentialAction\":[{\"@type\":\"ReadAction\",\"target\":[\"https:\/\/www.christinesaintlaurens.com\/expertises-services\/personalbranding\/\"]}]},{\"@type\":\"BreadcrumbList\",\"@id\":\"https:\/\/www.christinesaintlaurens.com\/expertises-services\/personalbranding\/#breadcrumb\",\"itemListElement\":[{\"@type\":\"ListItem\",\"position\":1,\"name\":\"Home\",\"item\":\"https:\/\/www.christinesaintlaurens.com\/\"},{\"@type\":\"ListItem\",\"position\":2,\"name\":\"Expertises\",\"item\":\"https:\/\/www.christinesaintlaurens.com\/expertises-services\/\"},{\"@type\":\"ListItem\",\"position\":3,\"name\":\"Personal Branding\"}]},{\"@type\":\"WebSite\",\"@id\":\"https:\/\/www.christinesaintlaurens.com\/#website\",\"url\":\"https:\/\/www.christinesaintlaurens.com\/\",\"name\":\"Christine Saint Laurens\",\"description\":\"\",\"publisher\":{\"@id\":\"https:\/\/www.christinesaintlaurens.com\/#organization\"},\"potentialAction\":[{\"@type\":\"SearchAction\",\"target\":{\"@type\":\"EntryPoint\",\"urlTemplate\":\"https:\/\/www.christinesaintlaurens.com\/?s={search_term_string}\"},\"query-input\":{\"@type\":\"PropertyValueSpecification\",\"valueRequired\":true,\"valueName\":\"search_term_string\"}}],\"inLanguage\":\"fr-FR\"},{\"@type\":\"Organization\",\"@id\":\"https:\/\/www.christinesaintlaurens.com\/#organization\",\"name\":\"Christine Saint Laurens\",\"url\":\"https:\/\/www.christinesaintlaurens.com\/\",\"logo\":{\"@type\":\"ImageObject\",\"inLanguage\":\"fr-FR\",\"@id\":\"https:\/\/www.christinesaintlaurens.com\/#\/schema\/logo\/image\/\",\"url\":\"https:\/\/www.christinesaintlaurens.com\/wp-content\/uploads\/2024\/09\/Votre-texte-de-paragraphe1-e1725373555603.png\",\"contentUrl\":\"https:\/\/www.christinesaintlaurens.com\/wp-content\/uploads\/2024\/09\/Votre-texte-de-paragraphe1-e1725373555603.png\",\"width\":268,\"height\":70,\"caption\":\"Christine Saint Laurens\"},\"image\":{\"@id\":\"https:\/\/www.christinesaintlaurens.com\/#\/schema\/logo\/image\/\"},\"sameAs\":[\"https:\/\/www.linkedin.com\/in\/christine-saint-laurens\/\"]}]}<\/script>\n<!-- \/ Yoast SEO plugin. -->","yoast_head_json":{"title":"Personal Branding - Christine Saint Laurens","robots":{"index":"index","follow":"follow","max-snippet":"max-snippet:-1","max-image-preview":"max-image-preview:large","max-video-preview":"max-video-preview:-1"},"canonical":"https:\/\/www.christinesaintlaurens.com\/fr\/expertises-services\/personalbranding\/","og_locale":"fr_FR","og_type":"article","og_title":"Personal Branding - Christine Saint Laurens","og_url":"https:\/\/www.christinesaintlaurens.com\/fr\/expertises-services\/personalbranding\/","og_site_name":"Christine Saint Laurens","article_modified_time":"2025-09-04T12:57:44+00:00","twitter_card":"summary_large_image","twitter_misc":{"Dur\u00e9e de lecture estim\u00e9e":"4 minutes"},"schema":{"@context":"https:\/\/schema.org","@graph":[{"@type":"WebPage","@id":"https:\/\/www.christinesaintlaurens.com\/expertises-services\/personalbranding\/","url":"https:\/\/www.christinesaintlaurens.com\/expertises-services\/personalbranding\/","name":"Personal Branding - Christine Saint Laurens","isPartOf":{"@id":"https:\/\/www.christinesaintlaurens.com\/#website"},"datePublished":"2024-09-27T13:26:55+00:00","dateModified":"2025-09-04T12:57:44+00:00","breadcrumb":{"@id":"https:\/\/www.christinesaintlaurens.com\/expertises-services\/personalbranding\/#breadcrumb"},"inLanguage":"fr-FR","potentialAction":[{"@type":"ReadAction","target":["https:\/\/www.christinesaintlaurens.com\/expertises-services\/personalbranding\/"]}]},{"@type":"BreadcrumbList","@id":"https:\/\/www.christinesaintlaurens.com\/expertises-services\/personalbranding\/#breadcrumb","itemListElement":[{"@type":"ListItem","position":1,"name":"Home","item":"https:\/\/www.christinesaintlaurens.com\/"},{"@type":"ListItem","position":2,"name":"Expertises","item":"https:\/\/www.christinesaintlaurens.com\/expertises-services\/"},{"@type":"ListItem","position":3,"name":"Personal Branding"}]},{"@type":"WebSite","@id":"https:\/\/www.christinesaintlaurens.com\/#website","url":"https:\/\/www.christinesaintlaurens.com\/","name":"Christine Saint Laurens","description":"","publisher":{"@id":"https:\/\/www.christinesaintlaurens.com\/#organization"},"potentialAction":[{"@type":"SearchAction","target":{"@type":"EntryPoint","urlTemplate":"https:\/\/www.christinesaintlaurens.com\/?s={search_term_string}"},"query-input":{"@type":"PropertyValueSpecification","valueRequired":true,"valueName":"search_term_string"}}],"inLanguage":"fr-FR"},{"@type":"Organization","@id":"https:\/\/www.christinesaintlaurens.com\/#organization","name":"Christine Saint Laurens","url":"https:\/\/www.christinesaintlaurens.com\/","logo":{"@type":"ImageObject","inLanguage":"fr-FR","@id":"https:\/\/www.christinesaintlaurens.com\/#\/schema\/logo\/image\/","url":"https:\/\/www.christinesaintlaurens.com\/wp-content\/uploads\/2024\/09\/Votre-texte-de-paragraphe1-e1725373555603.png","contentUrl":"https:\/\/www.christinesaintlaurens.com\/wp-content\/uploads\/2024\/09\/Votre-texte-de-paragraphe1-e1725373555603.png","width":268,"height":70,"caption":"Christine Saint Laurens"},"image":{"@id":"https:\/\/www.christinesaintlaurens.com\/#\/schema\/logo\/image\/"},"sameAs":["https:\/\/www.linkedin.com\/in\/christine-saint-laurens\/"]}]}},"_links":{"self":[{"href":"https:\/\/www.christinesaintlaurens.com\/fr\/wp-json\/wp\/v2\/pages\/2059","targetHints":{"allow":["GET"]}}],"collection":[{"href":"https:\/\/www.christinesaintlaurens.com\/fr\/wp-json\/wp\/v2\/pages"}],"about":[{"href":"https:\/\/www.christinesaintlaurens.com\/fr\/wp-json\/wp\/v2\/types\/page"}],"author":[{"embeddable":true,"href":"https:\/\/www.christinesaintlaurens.com\/fr\/wp-json\/wp\/v2\/users\/2"}],"replies":[{"embeddable":true,"href":"https:\/\/www.christinesaintlaurens.com\/fr\/wp-json\/wp\/v2\/comments?post=2059"}],"version-history":[{"count":27,"href":"https:\/\/www.christinesaintlaurens.com\/fr\/wp-json\/wp\/v2\/pages\/2059\/revisions"}],"predecessor-version":[{"id":2440,"href":"https:\/\/www.christinesaintlaurens.com\/fr\/wp-json\/wp\/v2\/pages\/2059\/revisions\/2440"}],"up":[{"embeddable":true,"href":"https:\/\/www.christinesaintlaurens.com\/fr\/wp-json\/wp\/v2\/pages\/2046"}],"wp:attachment":[{"href":"https:\/\/www.christinesaintlaurens.com\/fr\/wp-json\/wp\/v2\/media?parent=2059"}],"curies":[{"name":"wp","href":"https:\/\/api.w.org\/{rel}","templated":true}]}}