{"id":2046,"date":"2024-09-27T15:19:46","date_gmt":"2024-09-27T13:19:46","guid":{"rendered":"https:\/\/www.christinesaintlaurens.com\/?page_id=2046"},"modified":"2025-09-05T09:33:09","modified_gmt":"2025-09-05T07:33:09","slug":"expertises-services","status":"publish","type":"page","link":"https:\/\/www.christinesaintlaurens.com\/fr\/expertises-services\/","title":{"rendered":"Expertises"},"content":{"rendered":"<div class=\"wpb-content-wrapper\"><div data-vc-full-width=\"true\" data-vc-full-width-temp=\"true\" data-vc-full-width-init=\"false\" class=\"vc_row wpb_row vc_row-fluid vc_custom_1728493787584 vc_row-has-fill\"><div class=\"wpb_column vc_column_container vc_col-sm-12\"><div class=\"vc_column-inner\"><div class=\"wpb_wrapper\"><div class=\"vc_row wpb_row vc_inner vc_row-fluid\"><div class=\"wpb_column vc_column_container vc_col-sm-12\"><div class=\"vc_column-inner\"><div class=\"wpb_wrapper\">\n\t<div class=\"wpb_text_column wpb_content_element\" >\n\t\t<div class=\"wpb_wrapper\">\n\t\t\t<p style=\"text-align: center;\">I work with high-level leaders and teams to enhance their leadership strengths, build resilience, and drive sustainable growth and change within their organizations.<\/p>\n<p style=\"text-align: center;\">My approach offers a personalized coaching experience, focusing on aligning personal growth with leadership development and business objectives.<\/p>\n<p style=\"text-align: center;\">By helping leaders tap into their potential and balance performance with well-being, I empower them to positively impact their teams and create lasting legacies of effective, resilient leadership.<\/p>\n\n\t\t<\/div>\n\t<\/div>\n<\/div><\/div><\/div><\/div><div class=\"vc_empty_space\"   style=\"height: 52px\"><span class=\"vc_empty_space_inner\"><\/span><\/div><\/div><\/div><\/div><\/div><div class=\"vc_row-full-width vc_clearfix\"><\/div><div data-vc-full-width=\"true\" data-vc-full-width-temp=\"true\" data-vc-full-width-init=\"false\" class=\"vc_row wpb_row vc_row-fluid vc_custom_1728490768441 vc_row-has-fill\"><div class=\"wpb_column vc_column_container vc_col-sm-12\"><div class=\"vc_column-inner\"><div class=\"wpb_wrapper\"><h3 style=\"text-align: center\" class=\"vc_custom_heading vc_do_custom_heading\" >Nous co-construisons des solutions sur-mesure pour soutenir votre transformation \u00e0 partir de nos expertises :<\/h3><div class=\"services-wrapper services-boxed-photo cols-wrapper cols-3\"><div class=\"services-box col\"><a href=\"https:\/\/www.christinesaintlaurens.com\/fr\/expertises-services\/executivecoaching\/\"><div class=\"img-container\"><img decoding=\"async\" src=\"http:\/\/www.christinesaintlaurens.com\/wp-content\/uploads\/2024\/09\/103-e1725897966430-368x245.png\" alt=\"EXECUTIVE GLOBAL COACHING\"\/><\/div><\/a><div class=\"services-content\"><div class=\"sc-wraper\"><h3><a href=\"https:\/\/www.christinesaintlaurens.com\/fr\/expertises-services\/executivecoaching\/\">EXECUTIVE GLOBAL COACHING<\/a><\/h3><p>Diriger avec clart\u00e9, nourrir des relations authentiques et impulser des transformations durables en alignant actions et valeurs<\/p><\/div><\/div><\/div><div class=\"services-box col\"><a href=\"https:\/\/www.christinesaintlaurens.com\/fr\/expertises-services\/personalbranding\/\"><div class=\"img-container\"><img decoding=\"async\" src=\"http:\/\/www.christinesaintlaurens.com\/wp-content\/uploads\/2024\/09\/Christine-Saint-Laurens-Visuel-bannieres-n\u00b026-368x245.png\" alt=\"PERSONAL BRANDING\"\/><\/div><\/a><div class=\"services-content\"><div class=\"sc-wraper\"><h3><a href=\"https:\/\/www.christinesaintlaurens.com\/fr\/expertises-services\/personalbranding\/\">PERSONAL BRANDING<\/a><\/h3><p>D\u00e9velopper une pr\u00e9sence professionnelle forte en r\u00e9sonance avec les aspirations profondes, tisser et cultiver des relations solides et inspirantes<\/p><\/div><\/div><\/div><div class=\"services-box col nomargin\"><a href=\"https:\/\/www.christinesaintlaurens.com\/fr\/expertises-services\/neurosomatic-intelligence\/\"><div class=\"img-container\"><img decoding=\"async\" src=\"http:\/\/www.christinesaintlaurens.com\/wp-content\/uploads\/2024\/09\/84-e1725787153586-368x245.png\" alt=\"NEUROSOMATIC INTELLIGENCE COACHING\"\/><\/div><\/a><div class=\"services-content\"><div class=\"sc-wraper\"><h3><a href=\"https:\/\/www.christinesaintlaurens.com\/fr\/expertises-services\/neurosomatic-intelligence\/\">NEUROSOMATIC INTELLIGENCE COACHING<\/a><\/h3><p>D\u00e9velopper un \u00e9quilibre int\u00e9rieur permettant d'aborder les situations avec plus de s\u00e9r\u00e9nit\u00e9 et clart\u00e9 d'esprit pour une performance durable<\/p><\/div><\/div><\/div><div class=\"clear\"><\/div><\/div><div class=\"vc_empty_space\"   style=\"height: 32px\"><span class=\"vc_empty_space_inner\"><\/span><\/div><\/div><\/div><\/div><\/div><div class=\"vc_row-full-width vc_clearfix\"><\/div><div data-vc-full-width=\"true\" data-vc-full-width-temp=\"true\" data-vc-full-width-init=\"false\" class=\"vc_row wpb_row vc_row-fluid vc_custom_1727392687503 vc_row-has-fill\"><div class=\"wpb_column vc_column_container vc_col-sm-12\"><div class=\"vc_column-inner\"><div class=\"wpb_wrapper\"><div class=\"vc_row wpb_row vc_inner vc_row-fluid vc_row-o-equal-height vc_row-o-content-middle vc_row-flex\"><div class=\"wpb_column vc_column_container vc_col-sm-12\"><div class=\"vc_column-inner\"><div class=\"wpb_wrapper\"><h2 style=\"font-size: 36px;text-align: center\" class=\"vc_custom_heading vc_do_custom_heading\" >Incarner un leadership porteur de sens, impulser la transformation avec confiance.<\/h2><h3 style=\"text-align: center\" class=\"vc_custom_heading vc_do_custom_heading\" >D\u00e9couvrez des solutions sur mesure qui renforcent le leadership, encouragent l'innovation et favorisent une croissance durable.<\/h3><div class=\"vc_btn3-container vc_btn3-center vc_do_btn\" ><a onmouseleave=\"this.style.borderColor='#FF6F61'; this.style.backgroundColor='transparent'; this.style.color='#FF6F61'\" onmouseenter=\"this.style.borderColor='#FF6F61'; this.style.backgroundColor='#FF6F61'; this.style.color='#ffffff';\" style=\"border-color:#FF6F61; color:#FF6F61;\" class=\"vc_general vc_btn3 vc_btn3-size-md vc_btn3-shape-rounded vc_btn3-style-outline-custom vc_btn3-icon-left\" href=\"https:\/\/www.christinesaintlaurens.com\/fr\/contact\/\" title=\"Echangeons\"><i class=\"vc_btn3-icon far fa-arrow-alt-circle-right\"><\/i> Echangeons<\/a><\/div><\/div><\/div><\/div><\/div><div class=\"vc_empty_space\"   style=\"height: 32px\"><span class=\"vc_empty_space_inner\"><\/span><\/div><\/div><\/div><\/div><\/div><div class=\"vc_row-full-width vc_clearfix\"><\/div>\n<\/div>","protected":false},"excerpt":{"rendered":"I work with high-level leaders and teams to enhance their leadership strengths, build resilience, and drive sustainable growth and change [...]","protected":false},"author":2,"featured_media":0,"parent":0,"menu_order":0,"comment_status":"closed","ping_status":"closed","template":"","meta":{"footnotes":""},"class_list":["post-2046","page","type-page","status-publish","hentry"],"yoast_head":"<!-- This site is optimized with the Yoast SEO plugin v25.8 - https:\/\/yoast.com\/wordpress\/plugins\/seo\/ -->\n<title>Expertises - Christine Saint Laurens<\/title>\n<meta name=\"robots\" content=\"index, follow, max-snippet:-1, max-image-preview:large, max-video-preview:-1\" \/>\n<link rel=\"canonical\" href=\"https:\/\/www.christinesaintlaurens.com\/fr\/expertises-services\/\" \/>\n<meta property=\"og:locale\" content=\"fr_FR\" \/>\n<meta property=\"og:type\" content=\"article\" \/>\n<meta property=\"og:title\" content=\"Expertises - Christine Saint Laurens\" \/>\n<meta property=\"og:url\" content=\"https:\/\/www.christinesaintlaurens.com\/fr\/expertises-services\/\" \/>\n<meta property=\"og:site_name\" content=\"Christine Saint Laurens\" \/>\n<meta property=\"article:modified_time\" content=\"2025-09-05T07:33:09+00:00\" \/>\n<meta name=\"twitter:card\" content=\"summary_large_image\" \/>\n<meta name=\"twitter:label1\" content=\"Dur\u00e9e de lecture estim\u00e9e\" \/>\n\t<meta name=\"twitter:data1\" content=\"1 minute\" \/>\n<script type=\"application\/ld+json\" class=\"yoast-schema-graph\">{\"@context\":\"https:\/\/schema.org\",\"@graph\":[{\"@type\":\"WebPage\",\"@id\":\"https:\/\/www.christinesaintlaurens.com\/expertises-services\/\",\"url\":\"https:\/\/www.christinesaintlaurens.com\/expertises-services\/\",\"name\":\"Expertises - Christine Saint Laurens\",\"isPartOf\":{\"@id\":\"https:\/\/www.christinesaintlaurens.com\/#website\"},\"datePublished\":\"2024-09-27T13:19:46+00:00\",\"dateModified\":\"2025-09-05T07:33:09+00:00\",\"breadcrumb\":{\"@id\":\"https:\/\/www.christinesaintlaurens.com\/expertises-services\/#breadcrumb\"},\"inLanguage\":\"fr-FR\",\"potentialAction\":[{\"@type\":\"ReadAction\",\"target\":[\"https:\/\/www.christinesaintlaurens.com\/expertises-services\/\"]}]},{\"@type\":\"BreadcrumbList\",\"@id\":\"https:\/\/www.christinesaintlaurens.com\/expertises-services\/#breadcrumb\",\"itemListElement\":[{\"@type\":\"ListItem\",\"position\":1,\"name\":\"Home\",\"item\":\"https:\/\/www.christinesaintlaurens.com\/\"},{\"@type\":\"ListItem\",\"position\":2,\"name\":\"Expertises\"}]},{\"@type\":\"WebSite\",\"@id\":\"https:\/\/www.christinesaintlaurens.com\/#website\",\"url\":\"https:\/\/www.christinesaintlaurens.com\/\",\"name\":\"Christine Saint Laurens\",\"description\":\"\",\"publisher\":{\"@id\":\"https:\/\/www.christinesaintlaurens.com\/#organization\"},\"potentialAction\":[{\"@type\":\"SearchAction\",\"target\":{\"@type\":\"EntryPoint\",\"urlTemplate\":\"https:\/\/www.christinesaintlaurens.com\/?s={search_term_string}\"},\"query-input\":{\"@type\":\"PropertyValueSpecification\",\"valueRequired\":true,\"valueName\":\"search_term_string\"}}],\"inLanguage\":\"fr-FR\"},{\"@type\":\"Organization\",\"@id\":\"https:\/\/www.christinesaintlaurens.com\/#organization\",\"name\":\"Christine Saint Laurens\",\"url\":\"https:\/\/www.christinesaintlaurens.com\/\",\"logo\":{\"@type\":\"ImageObject\",\"inLanguage\":\"fr-FR\",\"@id\":\"https:\/\/www.christinesaintlaurens.com\/#\/schema\/logo\/image\/\",\"url\":\"https:\/\/www.christinesaintlaurens.com\/wp-content\/uploads\/2024\/09\/Votre-texte-de-paragraphe1-e1725373555603.png\",\"contentUrl\":\"https:\/\/www.christinesaintlaurens.com\/wp-content\/uploads\/2024\/09\/Votre-texte-de-paragraphe1-e1725373555603.png\",\"width\":268,\"height\":70,\"caption\":\"Christine Saint Laurens\"},\"image\":{\"@id\":\"https:\/\/www.christinesaintlaurens.com\/#\/schema\/logo\/image\/\"},\"sameAs\":[\"https:\/\/www.linkedin.com\/in\/christine-saint-laurens\/\"]}]}<\/script>\n<!-- \/ Yoast SEO plugin. -->","yoast_head_json":{"title":"Expertises - Christine Saint Laurens","robots":{"index":"index","follow":"follow","max-snippet":"max-snippet:-1","max-image-preview":"max-image-preview:large","max-video-preview":"max-video-preview:-1"},"canonical":"https:\/\/www.christinesaintlaurens.com\/fr\/expertises-services\/","og_locale":"fr_FR","og_type":"article","og_title":"Expertises - Christine Saint Laurens","og_url":"https:\/\/www.christinesaintlaurens.com\/fr\/expertises-services\/","og_site_name":"Christine Saint Laurens","article_modified_time":"2025-09-05T07:33:09+00:00","twitter_card":"summary_large_image","twitter_misc":{"Dur\u00e9e de lecture estim\u00e9e":"1 minute"},"schema":{"@context":"https:\/\/schema.org","@graph":[{"@type":"WebPage","@id":"https:\/\/www.christinesaintlaurens.com\/expertises-services\/","url":"https:\/\/www.christinesaintlaurens.com\/expertises-services\/","name":"Expertises - Christine Saint Laurens","isPartOf":{"@id":"https:\/\/www.christinesaintlaurens.com\/#website"},"datePublished":"2024-09-27T13:19:46+00:00","dateModified":"2025-09-05T07:33:09+00:00","breadcrumb":{"@id":"https:\/\/www.christinesaintlaurens.com\/expertises-services\/#breadcrumb"},"inLanguage":"fr-FR","potentialAction":[{"@type":"ReadAction","target":["https:\/\/www.christinesaintlaurens.com\/expertises-services\/"]}]},{"@type":"BreadcrumbList","@id":"https:\/\/www.christinesaintlaurens.com\/expertises-services\/#breadcrumb","itemListElement":[{"@type":"ListItem","position":1,"name":"Home","item":"https:\/\/www.christinesaintlaurens.com\/"},{"@type":"ListItem","position":2,"name":"Expertises"}]},{"@type":"WebSite","@id":"https:\/\/www.christinesaintlaurens.com\/#website","url":"https:\/\/www.christinesaintlaurens.com\/","name":"Christine Saint Laurens","description":"","publisher":{"@id":"https:\/\/www.christinesaintlaurens.com\/#organization"},"potentialAction":[{"@type":"SearchAction","target":{"@type":"EntryPoint","urlTemplate":"https:\/\/www.christinesaintlaurens.com\/?s={search_term_string}"},"query-input":{"@type":"PropertyValueSpecification","valueRequired":true,"valueName":"search_term_string"}}],"inLanguage":"fr-FR"},{"@type":"Organization","@id":"https:\/\/www.christinesaintlaurens.com\/#organization","name":"Christine Saint Laurens","url":"https:\/\/www.christinesaintlaurens.com\/","logo":{"@type":"ImageObject","inLanguage":"fr-FR","@id":"https:\/\/www.christinesaintlaurens.com\/#\/schema\/logo\/image\/","url":"https:\/\/www.christinesaintlaurens.com\/wp-content\/uploads\/2024\/09\/Votre-texte-de-paragraphe1-e1725373555603.png","contentUrl":"https:\/\/www.christinesaintlaurens.com\/wp-content\/uploads\/2024\/09\/Votre-texte-de-paragraphe1-e1725373555603.png","width":268,"height":70,"caption":"Christine Saint Laurens"},"image":{"@id":"https:\/\/www.christinesaintlaurens.com\/#\/schema\/logo\/image\/"},"sameAs":["https:\/\/www.linkedin.com\/in\/christine-saint-laurens\/"]}]}},"_links":{"self":[{"href":"https:\/\/www.christinesaintlaurens.com\/fr\/wp-json\/wp\/v2\/pages\/2046","targetHints":{"allow":["GET"]}}],"collection":[{"href":"https:\/\/www.christinesaintlaurens.com\/fr\/wp-json\/wp\/v2\/pages"}],"about":[{"href":"https:\/\/www.christinesaintlaurens.com\/fr\/wp-json\/wp\/v2\/types\/page"}],"author":[{"embeddable":true,"href":"https:\/\/www.christinesaintlaurens.com\/fr\/wp-json\/wp\/v2\/users\/2"}],"replies":[{"embeddable":true,"href":"https:\/\/www.christinesaintlaurens.com\/fr\/wp-json\/wp\/v2\/comments?post=2046"}],"version-history":[{"count":14,"href":"https:\/\/www.christinesaintlaurens.com\/fr\/wp-json\/wp\/v2\/pages\/2046\/revisions"}],"predecessor-version":[{"id":2449,"href":"https:\/\/www.christinesaintlaurens.com\/fr\/wp-json\/wp\/v2\/pages\/2046\/revisions\/2449"}],"wp:attachment":[{"href":"https:\/\/www.christinesaintlaurens.com\/fr\/wp-json\/wp\/v2\/media?parent=2046"}],"curies":[{"name":"wp","href":"https:\/\/api.w.org\/{rel}","templated":true}]}}