{"id":2043,"date":"2024-09-27T03:11:21","date_gmt":"2024-09-27T01:11:21","guid":{"rendered":"https:\/\/www.christinesaintlaurens.com\/?page_id=2043"},"modified":"2025-09-05T09:11:22","modified_gmt":"2025-09-05T07:11:22","slug":"neurosomatic-intelligence","status":"publish","type":"page","link":"https:\/\/www.christinesaintlaurens.com\/fr\/expertises-services\/neurosomatic-intelligence\/","title":{"rendered":"R\u00e9gulation du syst\u00e9me nerveux"},"content":{"rendered":"<div class=\"wpb-content-wrapper\"><div data-vc-full-width=\"true\" data-vc-full-width-temp=\"true\" data-vc-full-width-init=\"false\" class=\"vc_row wpb_row vc_row-fluid vc_custom_1728756044503 vc_row-has-fill\"><div class=\"wpb_column vc_column_container vc_col-sm-12\"><div class=\"vc_column-inner\"><div class=\"wpb_wrapper\"><div class=\"vc_row wpb_row vc_inner vc_row-fluid vc_row-o-content-middle vc_row-flex\"><div class=\"wpb_column vc_column_container vc_col-sm-12\"><div class=\"vc_column-inner\"><div class=\"wpb_wrapper\">\n\t<div class=\"wpb_text_column wpb_content_element\" >\n\t\t<div class=\"wpb_wrapper\">\n\t\t\t<p>Vous \u00eates sous pression, vos journ\u00e9es s\u2019encha\u00eenent, et parfois m\u00eame vos nuits ne suffisent plus \u00e0 \u201crecharger les batteries\u201d.<\/p>\n<p>Et si la cl\u00e9 n\u2019\u00e9tait pas d\u2019en faire plus, mais de r\u00e9guler votre syst\u00e8me nerveux pour retrouver du calme, de la clart\u00e9 et une \u00e9nergie durable sans sacrifier vos ambitions ?<\/p>\n\n\t\t<\/div>\n\t<\/div>\n<\/div><\/div><\/div><\/div><\/div><\/div><\/div><\/div><div class=\"vc_row-full-width vc_clearfix\"><\/div><div data-vc-full-width=\"true\" data-vc-full-width-temp=\"true\" data-vc-full-width-init=\"false\" class=\"vc_row wpb_row vc_row-fluid vc_custom_1727392687503 vc_row-has-fill\"><div class=\"wpb_column vc_column_container vc_col-sm-12\"><div class=\"vc_column-inner\"><div class=\"wpb_wrapper\"><div class=\"vc_row wpb_row vc_inner vc_row-fluid vc_row-o-content-middle vc_row-flex\"><div class=\"wpb_column vc_column_container vc_col-sm-8\"><div class=\"vc_column-inner\"><div class=\"wpb_wrapper\"><h3 style=\"text-align: center\" class=\"vc_custom_heading vc_do_custom_heading\" >Pourquoi r\u00e9guler son syst\u00e8me nerveux<\/h3>\n\t<div class=\"wpb_text_column wpb_content_element\" >\n\t\t<div class=\"wpb_wrapper\">\n\t\t\t<p>Dans un monde o\u00f9 tout s\u2019acc\u00e9l\u00e8re, les dirigeants jonglent avec des d\u00e9cisions critiques, des attentes d\u00e9mesur\u00e9es et un environnement instable. R\u00e9sultat : le stress prend le dessus, la fatigue s\u2019installe et la performance s\u2019effrite.<\/p>\n<p>Ce n\u2019est pas une question de volont\u00e9 ou de discipline : c\u2019est une question de syst\u00e8me nerveux.<br \/>Un syst\u00e8me nerveux sous tension vous maintient en mode \u201csurvie\u201d : vous r\u00e9agissez au lieu de choisir, vous vous \u00e9puisez au lieu de vous r\u00e9g\u00e9n\u00e9rer.<\/p>\n<p>Sa r\u00e9gulation vous aide \u00e0 sortir de ce cercle, \u00e0 retrouver lucidit\u00e9 et s\u00e9r\u00e9nit\u00e9 m\u00eame dans la complexit\u00e9.<\/p>\n\n\t\t<\/div>\n\t<\/div>\n<\/div><\/div><\/div><div class=\"wpb_column vc_column_container vc_col-sm-4\"><div class=\"vc_column-inner\"><div class=\"wpb_wrapper\">\n\t<div  class=\"wpb_single_image wpb_content_element vc_align_center wpb_content_element\">\n\t\t\n\t\t<figure class=\"wpb_wrapper vc_figure\">\n\t\t\t<div class=\"vc_single_image-wrapper   vc_box_border_grey\"><img loading=\"lazy\" decoding=\"async\" width=\"1080\" height=\"1080\" src=\"https:\/\/www.christinesaintlaurens.com\/wp-content\/uploads\/2024\/10\/59.png\" class=\"vc_single_image-img attachment-full\" alt=\"\" title=\"59\" srcset=\"https:\/\/www.christinesaintlaurens.com\/wp-content\/uploads\/2024\/10\/59.png 1080w, https:\/\/www.christinesaintlaurens.com\/wp-content\/uploads\/2024\/10\/59-300x300.png 300w, https:\/\/www.christinesaintlaurens.com\/wp-content\/uploads\/2024\/10\/59-1024x1024.png 1024w, https:\/\/www.christinesaintlaurens.com\/wp-content\/uploads\/2024\/10\/59-150x150.png 150w, https:\/\/www.christinesaintlaurens.com\/wp-content\/uploads\/2024\/10\/59-768x768.png 768w, https:\/\/www.christinesaintlaurens.com\/wp-content\/uploads\/2024\/10\/59-12x12.png 12w\" sizes=\"auto, (max-width: 1080px) 100vw, 1080px\" \/><\/div>\n\t\t<\/figure>\n\t<\/div>\n<\/div><\/div><\/div><\/div><div class=\"vc_row wpb_row vc_inner vc_row-fluid vc_row-o-content-middle vc_row-flex\"><div class=\"wpb_column vc_column_container vc_col-sm-4\"><div class=\"vc_column-inner\"><div class=\"wpb_wrapper\">\n\t<div  class=\"wpb_single_image wpb_content_element vc_align_center wpb_content_element\">\n\t\t\n\t\t<figure class=\"wpb_wrapper vc_figure\">\n\t\t\t<div class=\"vc_single_image-wrapper   vc_box_border_grey\"><img loading=\"lazy\" decoding=\"async\" width=\"1080\" height=\"1080\" src=\"https:\/\/www.christinesaintlaurens.com\/wp-content\/uploads\/2024\/10\/63.png\" class=\"vc_single_image-img attachment-full\" alt=\"\" title=\"63\" srcset=\"https:\/\/www.christinesaintlaurens.com\/wp-content\/uploads\/2024\/10\/63.png 1080w, https:\/\/www.christinesaintlaurens.com\/wp-content\/uploads\/2024\/10\/63-300x300.png 300w, https:\/\/www.christinesaintlaurens.com\/wp-content\/uploads\/2024\/10\/63-1024x1024.png 1024w, https:\/\/www.christinesaintlaurens.com\/wp-content\/uploads\/2024\/10\/63-150x150.png 150w, https:\/\/www.christinesaintlaurens.com\/wp-content\/uploads\/2024\/10\/63-768x768.png 768w, https:\/\/www.christinesaintlaurens.com\/wp-content\/uploads\/2024\/10\/63-12x12.png 12w\" sizes=\"auto, (max-width: 1080px) 100vw, 1080px\" \/><\/div>\n\t\t<\/figure>\n\t<\/div>\n<\/div><\/div><\/div><div class=\"wpb_column vc_column_container vc_col-sm-8\"><div class=\"vc_column-inner\"><div class=\"wpb_wrapper\">\n\t<div class=\"wpb_text_column wpb_content_element\" >\n\t\t<div class=\"wpb_wrapper\">\n\t\t\t<div class=\"wp-block-uagb-info-box uagb-block-34963c02 uagb-infobox__content-wrap uagb-infobox-icon-above-title uagb-infobox-image-valign-top\">\n<div class=\"uagb-ifb-content\">\n<div class=\"uagb-ifb-title-wrap\">\n<h3 class=\"uagb-ifb-title-prefix\" style=\"text-align: center;\">Mon approche<\/h3>\n<\/div>\n<p>Une science du corps au service du leadership<\/p>\n<\/div>\n<div class=\"uagb-ifb-content\">Avec la r\u00e9gulation du syst\u00e8me nerveux, je vous propose des exercices sensoriels simples, qui r\u00e9\u00e9duquent vos circuits internes pour que votre corps et votre esprit retrouvent leur r\u00e9gulation naturelle.<\/div>\n<div class=\"uagb-ifb-content\">Cette approche unique permet :<\/div>\n<ul>\n<li class=\"uagb-ifb-content\">de transformer le stress en clart\u00e9<\/li>\n<li class=\"uagb-ifb-content\">d\u2019activer vos ressources au bon moment<\/li>\n<li class=\"uagb-ifb-content\">d\u2019ancrer une pr\u00e9sence calme qui inspire autour de vous<\/li>\n<\/ul>\n<p>C\u2019est \u00e0 la fois scientifique, concret  et profond\u00e9ment humain.<\/p>\n<\/div>\n\n\t\t<\/div>\n\t<\/div>\n<\/div><\/div><\/div><\/div><div class=\"vc_row wpb_row vc_inner vc_row-fluid vc_row-o-content-middle vc_row-flex\"><div class=\"wpb_column vc_column_container vc_col-sm-8\"><div class=\"vc_column-inner\"><div class=\"wpb_wrapper\">\n\t<div class=\"wpb_text_column wpb_content_element\" >\n\t\t<div class=\"wpb_wrapper\">\n\t\t\t<h3>Les b\u00e9n\u00e9fices concrets<\/h3>\n<p>Ce que vous gagnez<\/p>\n<ul>\n<li>Performance durable : exceller sans vous \u00e9puiser<\/li>\n<li>Clart\u00e9 et discernement : d\u00e9cider avec calme, m\u00eame sous haute pression<\/li>\n<li>\u00c9nergie r\u00e9gul\u00e9e : alterner avec agilit\u00e9 entre action et r\u00e9cup\u00e9ration<\/li>\n<li>Pr\u00e9sence renforc\u00e9e : incarner un leadership qui inspire confiance et s\u00e9r\u00e9nit\u00e9<\/li>\n<li>Impact collectif : cr\u00e9er un effet de cascade positif sur vos \u00e9quipes et vos relations.<\/li>\n<\/ul>\n\n\t\t<\/div>\n\t<\/div>\n<\/div><\/div><\/div><div class=\"wpb_column vc_column_container vc_col-sm-4\"><div class=\"vc_column-inner\"><div class=\"wpb_wrapper\">\n\t<div  class=\"wpb_single_image wpb_content_element vc_align_center wpb_content_element\">\n\t\t\n\t\t<figure class=\"wpb_wrapper vc_figure\">\n\t\t\t<div class=\"vc_single_image-wrapper   vc_box_border_grey\"><img loading=\"lazy\" decoding=\"async\" width=\"1080\" height=\"1080\" src=\"https:\/\/www.christinesaintlaurens.com\/wp-content\/uploads\/2024\/10\/62.png\" class=\"vc_single_image-img attachment-full\" alt=\"\" title=\"62\" srcset=\"https:\/\/www.christinesaintlaurens.com\/wp-content\/uploads\/2024\/10\/62.png 1080w, https:\/\/www.christinesaintlaurens.com\/wp-content\/uploads\/2024\/10\/62-300x300.png 300w, https:\/\/www.christinesaintlaurens.com\/wp-content\/uploads\/2024\/10\/62-1024x1024.png 1024w, https:\/\/www.christinesaintlaurens.com\/wp-content\/uploads\/2024\/10\/62-150x150.png 150w, https:\/\/www.christinesaintlaurens.com\/wp-content\/uploads\/2024\/10\/62-768x768.png 768w, https:\/\/www.christinesaintlaurens.com\/wp-content\/uploads\/2024\/10\/62-12x12.png 12w\" sizes=\"auto, (max-width: 1080px) 100vw, 1080px\" \/><\/div>\n\t\t<\/figure>\n\t<\/div>\n<\/div><\/div><\/div><\/div><div class=\"vc_empty_space\"   style=\"height: 52px\"><span class=\"vc_empty_space_inner\"><\/span><\/div><\/div><\/div><\/div><\/div><div class=\"vc_row-full-width vc_clearfix\"><\/div><div data-vc-full-width=\"true\" data-vc-full-width-temp=\"true\" data-vc-full-width-init=\"false\" class=\"vc_row wpb_row vc_row-fluid vc_custom_1728509011072 vc_row-has-fill\"><div class=\"wpb_column vc_column_container vc_col-sm-12\"><div class=\"vc_column-inner\"><div class=\"wpb_wrapper\">\n\t<div class=\"wpb_text_column wpb_content_element\" >\n\t\t<div class=\"wpb_wrapper\">\n\t\t\t<div class=\"wp-block-group\">\n<h3>Comment \u00e7a marche?<\/h3>\n<\/div>\n<p><!-- \/wp:post-content -->\u00a0<\/p>\n<p><!-- wp:uagb\/icon-list {\"block_id\":\"ce902550\",\"classMigrate\":true,\"childMigrate\":true} --><\/p>\n<div class=\"wp-block-uagb-icon-list uagb-block-ce902550\">\n<div class=\"uagb-icon-list__wrap\">\n<p><!-- wp:uagb\/icon-list-child {\"block_id\":\"bcde84e4\",\"label\":\"\\u003cstrong\\u003eIncreased Resilience\\u003c\/strong\\u003e: Leaders report feeling more grounded and capable of navigating high-pressure situations with ease.\",\"label_color\":\"\"} -->L\u2019accompagnement se construit sur mesure selon vos enjeux.<\/p>\n<p>Il combine :<\/p>\n<ul>\n<li>Des s\u00e9ances individuelles pour r\u00e9guler votre syst\u00e8me nerveux et int\u00e9grer des pratiques adapt\u00e9es \u00e0 votre quotidien<\/li>\n<li>Des outils concrets pour mobiliser vos ressources physiques et \u00e9motionnelles<\/li>\n<li>Un suivi personnalis\u00e9 pour ancrer vos progr\u00e8s et en mesurer l\u2019impact<\/li>\n<\/ul>\n<p>Chaque session est pens\u00e9e comme un espace o\u00f9 vous pouvez ralentir, vous recentrer et repartir avec plus de clart\u00e9 et d\u2019\u00e9nergie.<\/p>\n<\/div>\n<\/div>\n\n\t\t<\/div>\n\t<\/div>\n<div class=\"vc_empty_space\"   style=\"height: 52px\"><span class=\"vc_empty_space_inner\"><\/span><\/div><\/div><\/div><\/div><\/div><div class=\"vc_row-full-width vc_clearfix\"><\/div><div data-vc-full-width=\"true\" data-vc-full-width-temp=\"true\" data-vc-full-width-init=\"false\" class=\"vc_row wpb_row vc_row-fluid vc_custom_1727392687503 vc_row-has-fill\"><div class=\"wpb_column vc_column_container vc_col-sm-12\"><div class=\"vc_column-inner\"><div class=\"wpb_wrapper\"><div class=\"vc_row wpb_row vc_inner vc_row-fluid\"><div class=\"wpb_column vc_column_container vc_col-sm-12\"><div class=\"vc_column-inner\"><div class=\"wpb_wrapper\">\n\t<div class=\"wpb_text_column wpb_content_element\" >\n\t\t<div class=\"wpb_wrapper\">\n\t\t\t<h3>Et si votre corps devenait votre meilleur alli\u00e9 ?<\/h3>\n<p>Vous n\u2019avez pas besoin de \u201ctenir encore un peu\u201d : vous avez besoin d\u2019un syst\u00e8me nerveux qui travaille avec vous, pas contre vous.<\/p>\n\n\t\t<\/div>\n\t<\/div>\n<div class=\"vc_btn3-container vc_btn3-center vc_do_btn\" ><a onmouseleave=\"this.style.borderColor='#FF6F61'; this.style.backgroundColor='transparent'; this.style.color='#FF6F61'\" onmouseenter=\"this.style.borderColor='#FF6F61'; this.style.backgroundColor='#FF6F61'; this.style.color='#ffffff';\" style=\"border-color:#FF6F61; color:#FF6F61;\" class=\"vc_general vc_btn3 vc_btn3-size-md vc_btn3-shape-rounded vc_btn3-style-outline-custom vc_btn3-icon-left\" href=\"https:\/\/www.christinesaintlaurens.com\/fr\/expertises-services\/personal-branding\/\" title=\"Echangeons\"><i class=\"vc_btn3-icon far fa-arrow-alt-circle-right\"><\/i> Echangeons !<\/a><\/div><\/div><\/div><\/div><\/div><div class=\"vc_empty_space\"   style=\"height: 32px\"><span class=\"vc_empty_space_inner\"><\/span><\/div><\/div><\/div><\/div><\/div><div class=\"vc_row-full-width vc_clearfix\"><\/div><!-- \/wp:uagb\/icon-list-child --><\/div>","protected":false},"excerpt":{"rendered":"You are under pressure, your days are long, and sometimes even your nights are not enough to \u201crecharge your batteries.\u201d [...]","protected":false},"author":2,"featured_media":0,"parent":2046,"menu_order":0,"comment_status":"closed","ping_status":"closed","template":"","meta":{"footnotes":""},"class_list":["post-2043","page","type-page","status-publish","hentry"],"yoast_head":"<!-- This site is optimized with the Yoast SEO plugin v25.8 - https:\/\/yoast.com\/wordpress\/plugins\/seo\/ -->\n<title>Nervous system regulation - Christine Saint Laurens<\/title>\n<meta name=\"robots\" content=\"index, follow, max-snippet:-1, max-image-preview:large, max-video-preview:-1\" \/>\n<link rel=\"canonical\" href=\"https:\/\/www.christinesaintlaurens.com\/fr\/expertises-services\/neurosomatic-intelligence\/\" \/>\n<meta property=\"og:locale\" content=\"fr_FR\" \/>\n<meta property=\"og:type\" content=\"article\" \/>\n<meta property=\"og:title\" content=\"Nervous system regulation - Christine Saint Laurens\" \/>\n<meta property=\"og:url\" content=\"https:\/\/www.christinesaintlaurens.com\/fr\/expertises-services\/neurosomatic-intelligence\/\" \/>\n<meta property=\"og:site_name\" content=\"Christine Saint Laurens\" \/>\n<meta property=\"article:modified_time\" content=\"2025-09-05T07:11:22+00:00\" \/>\n<meta name=\"twitter:card\" content=\"summary_large_image\" \/>\n<meta name=\"twitter:label1\" content=\"Dur\u00e9e de lecture estim\u00e9e\" \/>\n\t<meta name=\"twitter:data1\" content=\"3 minutes\" \/>\n<script type=\"application\/ld+json\" class=\"yoast-schema-graph\">{\"@context\":\"https:\/\/schema.org\",\"@graph\":[{\"@type\":\"WebPage\",\"@id\":\"https:\/\/www.christinesaintlaurens.com\/expertises-services\/neurosomatic-intelligence\/\",\"url\":\"https:\/\/www.christinesaintlaurens.com\/expertises-services\/neurosomatic-intelligence\/\",\"name\":\"Nervous system regulation - Christine Saint Laurens\",\"isPartOf\":{\"@id\":\"https:\/\/www.christinesaintlaurens.com\/#website\"},\"datePublished\":\"2024-09-27T01:11:21+00:00\",\"dateModified\":\"2025-09-05T07:11:22+00:00\",\"breadcrumb\":{\"@id\":\"https:\/\/www.christinesaintlaurens.com\/expertises-services\/neurosomatic-intelligence\/#breadcrumb\"},\"inLanguage\":\"fr-FR\",\"potentialAction\":[{\"@type\":\"ReadAction\",\"target\":[\"https:\/\/www.christinesaintlaurens.com\/expertises-services\/neurosomatic-intelligence\/\"]}]},{\"@type\":\"BreadcrumbList\",\"@id\":\"https:\/\/www.christinesaintlaurens.com\/expertises-services\/neurosomatic-intelligence\/#breadcrumb\",\"itemListElement\":[{\"@type\":\"ListItem\",\"position\":1,\"name\":\"Home\",\"item\":\"https:\/\/www.christinesaintlaurens.com\/\"},{\"@type\":\"ListItem\",\"position\":2,\"name\":\"Expertises\",\"item\":\"https:\/\/www.christinesaintlaurens.com\/expertises-services\/\"},{\"@type\":\"ListItem\",\"position\":3,\"name\":\"Nervous system regulation\"}]},{\"@type\":\"WebSite\",\"@id\":\"https:\/\/www.christinesaintlaurens.com\/#website\",\"url\":\"https:\/\/www.christinesaintlaurens.com\/\",\"name\":\"Christine Saint Laurens\",\"description\":\"\",\"publisher\":{\"@id\":\"https:\/\/www.christinesaintlaurens.com\/#organization\"},\"potentialAction\":[{\"@type\":\"SearchAction\",\"target\":{\"@type\":\"EntryPoint\",\"urlTemplate\":\"https:\/\/www.christinesaintlaurens.com\/?s={search_term_string}\"},\"query-input\":{\"@type\":\"PropertyValueSpecification\",\"valueRequired\":true,\"valueName\":\"search_term_string\"}}],\"inLanguage\":\"fr-FR\"},{\"@type\":\"Organization\",\"@id\":\"https:\/\/www.christinesaintlaurens.com\/#organization\",\"name\":\"Christine Saint Laurens\",\"url\":\"https:\/\/www.christinesaintlaurens.com\/\",\"logo\":{\"@type\":\"ImageObject\",\"inLanguage\":\"fr-FR\",\"@id\":\"https:\/\/www.christinesaintlaurens.com\/#\/schema\/logo\/image\/\",\"url\":\"https:\/\/www.christinesaintlaurens.com\/wp-content\/uploads\/2024\/09\/Votre-texte-de-paragraphe1-e1725373555603.png\",\"contentUrl\":\"https:\/\/www.christinesaintlaurens.com\/wp-content\/uploads\/2024\/09\/Votre-texte-de-paragraphe1-e1725373555603.png\",\"width\":268,\"height\":70,\"caption\":\"Christine Saint Laurens\"},\"image\":{\"@id\":\"https:\/\/www.christinesaintlaurens.com\/#\/schema\/logo\/image\/\"},\"sameAs\":[\"https:\/\/www.linkedin.com\/in\/christine-saint-laurens\/\"]}]}<\/script>\n<!-- \/ Yoast SEO plugin. -->","yoast_head_json":{"title":"Nervous system regulation - Christine Saint Laurens","robots":{"index":"index","follow":"follow","max-snippet":"max-snippet:-1","max-image-preview":"max-image-preview:large","max-video-preview":"max-video-preview:-1"},"canonical":"https:\/\/www.christinesaintlaurens.com\/fr\/expertises-services\/neurosomatic-intelligence\/","og_locale":"fr_FR","og_type":"article","og_title":"Nervous system regulation - Christine Saint Laurens","og_url":"https:\/\/www.christinesaintlaurens.com\/fr\/expertises-services\/neurosomatic-intelligence\/","og_site_name":"Christine Saint Laurens","article_modified_time":"2025-09-05T07:11:22+00:00","twitter_card":"summary_large_image","twitter_misc":{"Dur\u00e9e de lecture estim\u00e9e":"3 minutes"},"schema":{"@context":"https:\/\/schema.org","@graph":[{"@type":"WebPage","@id":"https:\/\/www.christinesaintlaurens.com\/expertises-services\/neurosomatic-intelligence\/","url":"https:\/\/www.christinesaintlaurens.com\/expertises-services\/neurosomatic-intelligence\/","name":"Nervous system regulation - Christine Saint Laurens","isPartOf":{"@id":"https:\/\/www.christinesaintlaurens.com\/#website"},"datePublished":"2024-09-27T01:11:21+00:00","dateModified":"2025-09-05T07:11:22+00:00","breadcrumb":{"@id":"https:\/\/www.christinesaintlaurens.com\/expertises-services\/neurosomatic-intelligence\/#breadcrumb"},"inLanguage":"fr-FR","potentialAction":[{"@type":"ReadAction","target":["https:\/\/www.christinesaintlaurens.com\/expertises-services\/neurosomatic-intelligence\/"]}]},{"@type":"BreadcrumbList","@id":"https:\/\/www.christinesaintlaurens.com\/expertises-services\/neurosomatic-intelligence\/#breadcrumb","itemListElement":[{"@type":"ListItem","position":1,"name":"Home","item":"https:\/\/www.christinesaintlaurens.com\/"},{"@type":"ListItem","position":2,"name":"Expertises","item":"https:\/\/www.christinesaintlaurens.com\/expertises-services\/"},{"@type":"ListItem","position":3,"name":"Nervous system regulation"}]},{"@type":"WebSite","@id":"https:\/\/www.christinesaintlaurens.com\/#website","url":"https:\/\/www.christinesaintlaurens.com\/","name":"Christine Saint Laurens","description":"","publisher":{"@id":"https:\/\/www.christinesaintlaurens.com\/#organization"},"potentialAction":[{"@type":"SearchAction","target":{"@type":"EntryPoint","urlTemplate":"https:\/\/www.christinesaintlaurens.com\/?s={search_term_string}"},"query-input":{"@type":"PropertyValueSpecification","valueRequired":true,"valueName":"search_term_string"}}],"inLanguage":"fr-FR"},{"@type":"Organization","@id":"https:\/\/www.christinesaintlaurens.com\/#organization","name":"Christine Saint Laurens","url":"https:\/\/www.christinesaintlaurens.com\/","logo":{"@type":"ImageObject","inLanguage":"fr-FR","@id":"https:\/\/www.christinesaintlaurens.com\/#\/schema\/logo\/image\/","url":"https:\/\/www.christinesaintlaurens.com\/wp-content\/uploads\/2024\/09\/Votre-texte-de-paragraphe1-e1725373555603.png","contentUrl":"https:\/\/www.christinesaintlaurens.com\/wp-content\/uploads\/2024\/09\/Votre-texte-de-paragraphe1-e1725373555603.png","width":268,"height":70,"caption":"Christine Saint Laurens"},"image":{"@id":"https:\/\/www.christinesaintlaurens.com\/#\/schema\/logo\/image\/"},"sameAs":["https:\/\/www.linkedin.com\/in\/christine-saint-laurens\/"]}]}},"_links":{"self":[{"href":"https:\/\/www.christinesaintlaurens.com\/fr\/wp-json\/wp\/v2\/pages\/2043","targetHints":{"allow":["GET"]}}],"collection":[{"href":"https:\/\/www.christinesaintlaurens.com\/fr\/wp-json\/wp\/v2\/pages"}],"about":[{"href":"https:\/\/www.christinesaintlaurens.com\/fr\/wp-json\/wp\/v2\/types\/page"}],"author":[{"embeddable":true,"href":"https:\/\/www.christinesaintlaurens.com\/fr\/wp-json\/wp\/v2\/users\/2"}],"replies":[{"embeddable":true,"href":"https:\/\/www.christinesaintlaurens.com\/fr\/wp-json\/wp\/v2\/comments?post=2043"}],"version-history":[{"count":20,"href":"https:\/\/www.christinesaintlaurens.com\/fr\/wp-json\/wp\/v2\/pages\/2043\/revisions"}],"predecessor-version":[{"id":2441,"href":"https:\/\/www.christinesaintlaurens.com\/fr\/wp-json\/wp\/v2\/pages\/2043\/revisions\/2441"}],"up":[{"embeddable":true,"href":"https:\/\/www.christinesaintlaurens.com\/fr\/wp-json\/wp\/v2\/pages\/2046"}],"wp:attachment":[{"href":"https:\/\/www.christinesaintlaurens.com\/fr\/wp-json\/wp\/v2\/media?parent=2043"}],"curies":[{"name":"wp","href":"https:\/\/api.w.org\/{rel}","templated":true}]}}