{"id":2005,"date":"2024-09-27T02:27:05","date_gmt":"2024-09-27T00:27:05","guid":{"rendered":"https:\/\/www.christinesaintlaurens.com\/?page_id=2005"},"modified":"2025-09-05T09:29:43","modified_gmt":"2025-09-05T07:29:43","slug":"about-christine","status":"publish","type":"page","link":"https:\/\/www.christinesaintlaurens.com\/fr\/about-christine\/","title":{"rendered":"A propos"},"content":{"rendered":"<div class=\"wpb-content-wrapper\"><div data-vc-full-width=\"true\" data-vc-full-width-temp=\"true\" data-vc-full-width-init=\"false\" class=\"vc_row wpb_row vc_row-fluid vc_custom_1728485768566 vc_row-has-fill\"><div class=\"wpb_column vc_column_container vc_col-sm-12\"><div class=\"vc_column-inner\"><div class=\"wpb_wrapper\"><div class=\"vc_row wpb_row vc_inner vc_row-fluid vc_row-o-equal-height vc_row-o-content-middle vc_row-flex\"><div class=\"wpb_column vc_column_container vc_col-sm-8\"><div class=\"vc_column-inner\"><div class=\"wpb_wrapper\">\n\t<div class=\"wpb_text_column wpb_content_element\" >\n\t\t<div class=\"wpb_wrapper\">\n\t\t\t<div>\n<h3>Ravie de faire votre connaissance !<\/h3>\n<\/div>\n<p>Depuis plus de 20 ans, j\u2019accompagne des leaders dans des environnements exigeants, souvent tr\u00e8s masculins. Des univers que je trouve \u00e0 la fois stimulants et challengeants, car ils r\u00e9v\u00e8lent autant la force que la fragilit\u00e9 de celles et ceux qui y \u00e9voluent.<\/p>\n<p>J\u2019ai moi-m\u00eame connu ce que c\u2019est que de tenir co\u00fbte que co\u00fbte, de performer en silence tout en doutant int\u00e9rieurement. C\u2019est ce chemin personnel qui nourrit ma passion pour le d\u00e9veloppement du leadership : aider chacun \u00e0 trouver une mani\u00e8re de diriger qui conjugue performance et int\u00e9grit\u00e9.<\/p>\n<p>Aujourd\u2019hui, j\u2019aide surtout des femmes cadres et dirigeantes \u00e0 franchir un cap d\u00e9cisif : incarner une posture qui inspire confiance, d\u00e9cider avec clart\u00e9 et exercer un leadership durable, sans sacrifier leur \u00e9nergie ni leur authenticit\u00e9.<\/p>\n<p>Mon r\u00f4le ? Les aider \u00e0 redevenir les protagonistes de leur propre histoire.<\/p>\n<p>&nbsp;<\/p>\n\n\t\t<\/div>\n\t<\/div>\n<\/div><\/div><\/div><div class=\"wpb_column vc_column_container vc_col-sm-4\"><div class=\"vc_column-inner\"><div class=\"wpb_wrapper\">\n\t<div  class=\"wpb_single_image wpb_content_element vc_align_center wpb_content_element\">\n\t\t\n\t\t<figure class=\"wpb_wrapper vc_figure\">\n\t\t\t<div class=\"vc_single_image-wrapper vc_box_circle  vc_box_border_grey\"><img loading=\"lazy\" decoding=\"async\" width=\"1080\" height=\"1080\" src=\"https:\/\/www.christinesaintlaurens.com\/wp-content\/uploads\/2024\/10\/Christine-Saint-Laurens-Photo-GF-n\u00b02.png\" class=\"vc_single_image-img attachment-full\" alt=\"\" title=\"Christine Saint Laurens - Photo GF n\u00b02\" srcset=\"https:\/\/www.christinesaintlaurens.com\/wp-content\/uploads\/2024\/10\/Christine-Saint-Laurens-Photo-GF-n\u00b02.png 1080w, https:\/\/www.christinesaintlaurens.com\/wp-content\/uploads\/2024\/10\/Christine-Saint-Laurens-Photo-GF-n\u00b02-300x300.png 300w, https:\/\/www.christinesaintlaurens.com\/wp-content\/uploads\/2024\/10\/Christine-Saint-Laurens-Photo-GF-n\u00b02-1024x1024.png 1024w, https:\/\/www.christinesaintlaurens.com\/wp-content\/uploads\/2024\/10\/Christine-Saint-Laurens-Photo-GF-n\u00b02-150x150.png 150w, https:\/\/www.christinesaintlaurens.com\/wp-content\/uploads\/2024\/10\/Christine-Saint-Laurens-Photo-GF-n\u00b02-768x768.png 768w, https:\/\/www.christinesaintlaurens.com\/wp-content\/uploads\/2024\/10\/Christine-Saint-Laurens-Photo-GF-n\u00b02-12x12.png 12w\" sizes=\"auto, (max-width: 1080px) 100vw, 1080px\" \/><\/div>\n\t\t<\/figure>\n\t<\/div>\n<\/div><\/div><\/div><\/div><div class=\"vc_empty_space\"   style=\"height: 52px\"><span class=\"vc_empty_space_inner\"><\/span><\/div><\/div><\/div><\/div><\/div><div class=\"vc_row-full-width vc_clearfix\"><\/div><div data-vc-full-width=\"true\" data-vc-full-width-temp=\"true\" data-vc-full-width-init=\"false\" class=\"vc_row wpb_row vc_row-fluid vc_custom_1728510866671 vc_row-has-fill\"><div class=\"wpb_column vc_column_container vc_col-sm-12\"><div class=\"vc_column-inner\"><div class=\"wpb_wrapper\"><div class=\"vc_row wpb_row vc_inner vc_row-fluid vc_column-gap-15 vc_row-o-equal-height vc_row-flex\"><div class=\"wpb_column vc_column_container vc_col-sm-6 vc_col-has-fill\"><div class=\"vc_column-inner vc_custom_1727396873009\"><div class=\"wpb_wrapper\">\n\t<div class=\"wpb_text_column wpb_content_element\" >\n\t\t<div class=\"wpb_wrapper\">\n\t\t\t<div class=\"uagb-ifb-title-wrap\">\n<h4 class=\"uagb-ifb-title\" style=\"text-align: center;\">Coaching<\/h4>\n<\/div>\n<p>Le coaching, pour moi, est un chemin de transformation int\u00e9rieure : retrouver son souffle, se r\u00e9aligner et faire en sorte que ses actions soient enfin en accord avec ce qui compte vraiment.<\/p>\n<p>Beaucoup de femmes que j\u2019accompagne \u00e9voluent dans des environnements aux codes rigides : elles portent beaucoup, doutent parfois de leur l\u00e9gitimit\u00e9 et cherchent \u00e0 se faire entendre sans se trahir.<\/p>\n<p>Ensemble, nous travaillons \u00e0 installer une posture align\u00e9e, qui inspire confiance et respect, sans avoir besoin d\u2019en faire trop.<\/p>\n<p>Mon r\u00f4le est d\u2019offrir un espace s\u00fbr et exigeant, o\u00f9 vous pouvez clarifier vos priorit\u00e9s, r\u00e9guler la pression, d\u00e9cider avec discernement et exercer un leadership qui f\u00e9d\u00e8re sans vous \u00e9puiser.<\/p>\n<p>&nbsp;<\/p>\n\n\t\t<\/div>\n\t<\/div>\n<\/div><\/div><\/div><div class=\"wpb_column vc_column_container vc_col-sm-6 vc_col-has-fill\"><div class=\"vc_column-inner vc_custom_1727394705086\"><div class=\"wpb_wrapper\">\n\t<div class=\"wpb_text_column wpb_content_element\" >\n\t\t<div class=\"wpb_wrapper\">\n\t\t\t<div class=\"wp-block-uagb-container uagb-block-ap8qpxw0 alignfull uagb-is-root-container\">\n<div class=\"uagb-container-inner-blocks-wrap\">\n<div class=\"wp-block-uagb-info-box uagb-block-b7a9464a uagb-infobox__content-wrap uagb-infobox-icon-above-title uagb-infobox-image-valign-top\">\n<div class=\"uagb-ifb-content\">\n<div class=\"uagb-ifb-title-wrap\">\n<h4 class=\"uagb-ifb-title\" style=\"text-align: center;\">Gestion du Changement et Transformation<\/h4>\n<\/div>\n<p>J\u2019ai pass\u00e9 plus de 20 ans dans des environnements o\u00f9 le changement \u00e9tait la seule constante. Fusions, r\u00e9organisations, nouveaux mod\u00e8les\u2026 J\u2019ai vu \u00e0 quel point cela pouvait \u00eatre stimulant, mais aussi d\u00e9stabilisant, pour les \u00e9quipes comme pour les dirigeants.<\/p>\n<p>Ce que j\u2019ai appris, c\u2019est qu\u2019on ne traverse pas ces moments avec des process uniquement, mais surtout avec du sens, du lien et de la clart\u00e9.<\/p>\n<\/div>\n<div class=\"uagb-ifb-content\">Aujourd\u2019hui, j\u2019accompagne les leaders \u00e0 garder leur cap dans la temp\u00eate : \u00e0 comprendre les dynamiques humaines, \u00e0 mobiliser autour d\u2019une vision partag\u00e9e et \u00e0 cr\u00e9er des cultures o\u00f9 l\u2019humain et la performance ne s\u2019opposent plus. Parce qu\u2019une transformation durable ne se d\u00e9cr\u00e8te pas, elle se construit ensemble.<\/div>\n<div>\u00a0<\/div>\n<\/div>\n<\/div>\n<\/div>\n\n\t\t<\/div>\n\t<\/div>\n<\/div><\/div><\/div><\/div><div class=\"vc_empty_space\"   style=\"height: 52px\"><span class=\"vc_empty_space_inner\"><\/span><\/div><\/div><\/div><\/div><\/div><div class=\"vc_row-full-width vc_clearfix\"><\/div><div data-vc-full-width=\"true\" data-vc-full-width-temp=\"true\" data-vc-full-width-init=\"false\" class=\"vc_row wpb_row vc_row-fluid vc_custom_1727392687503 vc_row-has-fill\"><div class=\"wpb_column vc_column_container vc_col-sm-12\"><div class=\"vc_column-inner\"><div class=\"wpb_wrapper\"><div class=\"vc_row wpb_row vc_inner vc_row-fluid\"><div class=\"wpb_column vc_column_container vc_col-sm-4\"><div class=\"vc_column-inner\"><div class=\"wpb_wrapper\">\n\t<div class=\"wpb_text_column wpb_content_element\" >\n\t\t<div class=\"wpb_wrapper\">\n\t\t\t<p>&nbsp;<\/p>\n<p>&nbsp;<\/p>\n\n\t\t<\/div>\n\t<\/div>\n\n\t<div  class=\"wpb_single_image wpb_content_element vc_align_center wpb_content_element\">\n\t\t\n\t\t<figure class=\"wpb_wrapper vc_figure\">\n\t\t\t<div class=\"vc_single_image-wrapper vc_box_circle  vc_box_border_grey\"><img loading=\"lazy\" decoding=\"async\" width=\"1080\" height=\"1080\" src=\"https:\/\/www.christinesaintlaurens.com\/wp-content\/uploads\/2024\/10\/Christine-Saint-Laurens-Photo-GF-n\u00b01.png\" class=\"vc_single_image-img attachment-full\" alt=\"\" title=\"Christine Saint Laurens - Photo GF n\u00b01\" srcset=\"https:\/\/www.christinesaintlaurens.com\/wp-content\/uploads\/2024\/10\/Christine-Saint-Laurens-Photo-GF-n\u00b01.png 1080w, https:\/\/www.christinesaintlaurens.com\/wp-content\/uploads\/2024\/10\/Christine-Saint-Laurens-Photo-GF-n\u00b01-300x300.png 300w, https:\/\/www.christinesaintlaurens.com\/wp-content\/uploads\/2024\/10\/Christine-Saint-Laurens-Photo-GF-n\u00b01-1024x1024.png 1024w, https:\/\/www.christinesaintlaurens.com\/wp-content\/uploads\/2024\/10\/Christine-Saint-Laurens-Photo-GF-n\u00b01-150x150.png 150w, https:\/\/www.christinesaintlaurens.com\/wp-content\/uploads\/2024\/10\/Christine-Saint-Laurens-Photo-GF-n\u00b01-768x768.png 768w, https:\/\/www.christinesaintlaurens.com\/wp-content\/uploads\/2024\/10\/Christine-Saint-Laurens-Photo-GF-n\u00b01-12x12.png 12w\" sizes=\"auto, (max-width: 1080px) 100vw, 1080px\" \/><\/div>\n\t\t<\/figure>\n\t<\/div>\n<\/div><\/div><\/div><div class=\"wpb_column vc_column_container vc_col-sm-8\"><div class=\"vc_column-inner\"><div class=\"wpb_wrapper\">\n\t<div class=\"wpb_text_column wpb_content_element\" >\n\t\t<div class=\"wpb_wrapper\">\n\t\t\t<div class=\"wp-block-uagb-container uagb-block-a37aad4e alignfull uagb-is-root-container\">\n<div class=\"uagb-container-inner-blocks-wrap\">\n<div class=\"wp-block-uagb-info-box uagb-block-e11f30e5 uagb-infobox__content-wrap uagb-infobox-icon-above-title uagb-infobox-image-valign-top\">\n<div class=\"uagb-ifb-content\">\n<div class=\"uagb-ifb-title-wrap\">\n<h3 class=\"uagb-ifb-title-prefix\" style=\"text-align: center;\">Mes valeurs<\/h3>\n<p>Mes valeurs sont le fil conducteur de mon accompagnement. Elles ne sont pas de belles \u00e9tiquettes, mais des exp\u00e9riences v\u00e9cues, int\u00e9gr\u00e9es dans ma pratique chaque jour.<\/p>\n<ul>\n<li><strong>Le Courage<\/strong>, parce que j\u2019ai appris moi-m\u00eame \u00e0 sortir du pilote automatique, \u00e0 marquer des tournants dans ma vie et ma carri\u00e8re.<\/li>\n<li><strong>La curiosit\u00e9<\/strong>, parce qu\u2019elle ouvre des horizons nouveaux. Elle nourrit mon go\u00fbt pour la diversit\u00e9 des id\u00e9es, des cultures et des personnes, et m\u2019invite \u00e0 apprendre sans cesse, \u00e0 accueillir la diff\u00e9rence comme une richesse et \u00e0 \u00e9largir les possibles.<strong>.<\/strong><\/li>\n<li><strong>La compassion<\/strong>, parce que je sais ce que c\u2019est de tenir bon alors qu\u2019\u00e0 l\u2019int\u00e9rieur tout vacille. Je cr\u00e9e des espaces s\u00fbrs o\u00f9 l\u2019on peut d\u00e9poser ses masques et respirer enfin.<\/li>\n<li><strong>L'\u00e9l\u00e9gance relationnelle<\/strong>, qui r\u00e9unit le soin, le respect et l\u2019appr\u00e9ciation. C\u2019est la mani\u00e8re de se traiter et de traiter l\u2019autre avec justesse, en tenant ensemble exigence et d\u00e9licatesse. Elle invite \u00e0 reconna\u00eetre la valeur de ce qui est, et \u00e0 le faire grandir avec gr\u00e2ce.<\/li>\n<li><strong>L'int\u00e9grit\u00e9<\/strong>, parce qu\u2019aucun leadership durable ne peut se construire en trahissant qui l\u2019on est. Elle se prolonge dans la libert\u00e9 d\u2019exprimer sa v\u00e9rit\u00e9 et de donner aux autres la permission de faire de m\u00eame.<\/li>\n<\/ul>\n<\/div>\n<\/div>\n<\/div>\n<p><!-- \/wp:post-content --><\/p>\n<p><!-- wp:uagb\/icon-list {\"block_id\":\"a6bb652a\",\"classMigrate\":true,\"childMigrate\":true} --><\/p>\n<div class=\"wp-block-uagb-icon-list uagb-block-a6bb652a\">\n<div class=\"uagb-icon-list__wrap\"><!-- wp:uagb\/icon-list-child {\"block_id\":\"b1e77fae\",\"label\":\"\\u003cstrong\\u003eCourage:\\u003c\/strong\\u003e Embrace bold decisions and step into the unknown with confidence.\",\"icon\":\"circle-arrow-right\",\"label_color\":\"\",\"childLeftMargin\":20} --><\/p>\n<ul>\n<li><strong>La collaboration<\/strong>, car je crois profond\u00e9ment que l\u2019intelligence collective d\u00e9passe toujours la somme des individualit\u00e9s.<\/li>\n<\/ul>\n<\/div>\n<\/div>\n<\/div>\n<\/div>\n\n\t\t<\/div>\n\t<\/div>\n<\/div><\/div><\/div><div class=\"wpb_column vc_column_container vc_col-sm-12\"><div class=\"vc_column-inner\"><div class=\"wpb_wrapper\"><\/div><\/div><\/div><\/div>\n\t<div class=\"wpb_text_column wpb_content_element\" >\n\t\t<div class=\"wpb_wrapper\">\n\t\t\t<p><strong><span style=\"color: #165a82;\"><em>Travailler ensemble, c\u2019est choisir d\u2019avancer autrement : avec du discernement, de la profondeur et de la l\u00e9g\u00e8ret\u00e9. C\u2019est oser remettre du souffle dans votre trajectoire, pour construire une r\u00e9ussite qui vous ressemble et qui dure.<\/em><\/span><\/strong><\/p>\n\n\t\t<\/div>\n\t<\/div>\n<div class=\"vc_row wpb_row vc_inner vc_row-fluid\"><div class=\"wpb_column vc_column_container vc_col-sm-2\"><div class=\"vc_column-inner\"><div class=\"wpb_wrapper\"><\/div><\/div><\/div><div class=\"wpb_column vc_column_container vc_col-sm-2\"><div class=\"vc_column-inner\"><div class=\"wpb_wrapper\"><\/div><\/div><\/div><div class=\"wpb_column vc_column_container vc_col-sm-2\"><div class=\"vc_column-inner\"><div class=\"wpb_wrapper\"><\/div><\/div><\/div><div class=\"wpb_column vc_column_container vc_col-sm-2\"><div class=\"vc_column-inner\"><div class=\"wpb_wrapper\"><div class=\"vc_btn3-container vc_btn3-center vc_do_btn\" ><a onmouseleave=\"this.style.borderColor='#ff6f61'; this.style.backgroundColor='transparent'; this.style.color='#ff6f61'\" onmouseenter=\"this.style.borderColor='#ff6f61'; this.style.backgroundColor='#ff6f61'; this.style.color='#ffffff';\" style=\"border-color:#ff6f61; color:#ff6f61;\" class=\"vc_general vc_btn3 vc_btn3-size-lg vc_btn3-shape-round vc_btn3-style-outline-custom\" href=\"https:\/\/www.christinesaintlaurens.com\/fr\/credentials\/\" title=\"Certfications\">Certfications<\/a><\/div><\/div><\/div><\/div><div class=\"wpb_column vc_column_container vc_col-sm-2\"><div class=\"vc_column-inner\"><div class=\"wpb_wrapper\"><div class=\"vc_btn3-container vc_btn3-center vc_do_btn\" ><a onmouseleave=\"this.style.borderColor='#ff6f61'; this.style.backgroundColor='transparent'; this.style.color='#ff6f61'\" onmouseenter=\"this.style.borderColor='#ff6f61'; this.style.backgroundColor='#ff6f61'; this.style.color='#ffffff';\" style=\"border-color:#ff6f61; color:#ff6f61;\" class=\"vc_general vc_btn3 vc_btn3-size-lg vc_btn3-shape-round vc_btn3-style-outline-custom\" href=\"https:\/\/www.christinesaintlaurens.com\/fr\/partners\/\" title=\"Certfications\">Partenaires<\/a><\/div><\/div><\/div><\/div><div class=\"wpb_column vc_column_container vc_col-sm-2\"><div class=\"vc_column-inner\"><div class=\"wpb_wrapper\"><\/div><\/div><\/div><\/div><div class=\"vc_empty_space\"   style=\"height: 32px\"><span class=\"vc_empty_space_inner\"><\/span><\/div><\/div><\/div><\/div><\/div><div class=\"vc_row-full-width vc_clearfix\"><\/div><!-- \/wp:uagb\/icon-list-child --><\/div>","protected":false},"excerpt":{"rendered":"Nice to meet you! For over 20 years, I have been supporting leaders in demanding, often very male-dominated environments. I [...]","protected":false},"author":2,"featured_media":0,"parent":0,"menu_order":0,"comment_status":"closed","ping_status":"closed","template":"","meta":{"footnotes":""},"class_list":["post-2005","page","type-page","status-publish","hentry"],"yoast_head":"<!-- This site is optimized with the Yoast SEO plugin v25.8 - https:\/\/yoast.com\/wordpress\/plugins\/seo\/ -->\n<title>About - Christine Saint Laurens<\/title>\n<meta name=\"robots\" content=\"index, follow, max-snippet:-1, max-image-preview:large, max-video-preview:-1\" \/>\n<link rel=\"canonical\" href=\"https:\/\/www.christinesaintlaurens.com\/fr\/about-christine\/\" \/>\n<meta property=\"og:locale\" content=\"fr_FR\" \/>\n<meta property=\"og:type\" content=\"article\" \/>\n<meta property=\"og:title\" content=\"About - Christine Saint Laurens\" \/>\n<meta property=\"og:url\" content=\"https:\/\/www.christinesaintlaurens.com\/fr\/about-christine\/\" \/>\n<meta property=\"og:site_name\" content=\"Christine Saint Laurens\" \/>\n<meta property=\"article:modified_time\" content=\"2025-09-05T07:29:43+00:00\" \/>\n<meta name=\"twitter:card\" content=\"summary_large_image\" \/>\n<meta name=\"twitter:label1\" content=\"Dur\u00e9e de lecture estim\u00e9e\" \/>\n\t<meta name=\"twitter:data1\" content=\"4 minutes\" \/>\n<script type=\"application\/ld+json\" class=\"yoast-schema-graph\">{\"@context\":\"https:\/\/schema.org\",\"@graph\":[{\"@type\":\"WebPage\",\"@id\":\"https:\/\/www.christinesaintlaurens.com\/about-christine\/\",\"url\":\"https:\/\/www.christinesaintlaurens.com\/about-christine\/\",\"name\":\"About - Christine Saint Laurens\",\"isPartOf\":{\"@id\":\"https:\/\/www.christinesaintlaurens.com\/#website\"},\"datePublished\":\"2024-09-27T00:27:05+00:00\",\"dateModified\":\"2025-09-05T07:29:43+00:00\",\"breadcrumb\":{\"@id\":\"https:\/\/www.christinesaintlaurens.com\/about-christine\/#breadcrumb\"},\"inLanguage\":\"fr-FR\",\"potentialAction\":[{\"@type\":\"ReadAction\",\"target\":[\"https:\/\/www.christinesaintlaurens.com\/about-christine\/\"]}]},{\"@type\":\"BreadcrumbList\",\"@id\":\"https:\/\/www.christinesaintlaurens.com\/about-christine\/#breadcrumb\",\"itemListElement\":[{\"@type\":\"ListItem\",\"position\":1,\"name\":\"Home\",\"item\":\"https:\/\/www.christinesaintlaurens.com\/\"},{\"@type\":\"ListItem\",\"position\":2,\"name\":\"About\"}]},{\"@type\":\"WebSite\",\"@id\":\"https:\/\/www.christinesaintlaurens.com\/#website\",\"url\":\"https:\/\/www.christinesaintlaurens.com\/\",\"name\":\"Christine Saint Laurens\",\"description\":\"\",\"publisher\":{\"@id\":\"https:\/\/www.christinesaintlaurens.com\/#organization\"},\"potentialAction\":[{\"@type\":\"SearchAction\",\"target\":{\"@type\":\"EntryPoint\",\"urlTemplate\":\"https:\/\/www.christinesaintlaurens.com\/?s={search_term_string}\"},\"query-input\":{\"@type\":\"PropertyValueSpecification\",\"valueRequired\":true,\"valueName\":\"search_term_string\"}}],\"inLanguage\":\"fr-FR\"},{\"@type\":\"Organization\",\"@id\":\"https:\/\/www.christinesaintlaurens.com\/#organization\",\"name\":\"Christine Saint Laurens\",\"url\":\"https:\/\/www.christinesaintlaurens.com\/\",\"logo\":{\"@type\":\"ImageObject\",\"inLanguage\":\"fr-FR\",\"@id\":\"https:\/\/www.christinesaintlaurens.com\/#\/schema\/logo\/image\/\",\"url\":\"https:\/\/www.christinesaintlaurens.com\/wp-content\/uploads\/2024\/09\/Votre-texte-de-paragraphe1-e1725373555603.png\",\"contentUrl\":\"https:\/\/www.christinesaintlaurens.com\/wp-content\/uploads\/2024\/09\/Votre-texte-de-paragraphe1-e1725373555603.png\",\"width\":268,\"height\":70,\"caption\":\"Christine Saint Laurens\"},\"image\":{\"@id\":\"https:\/\/www.christinesaintlaurens.com\/#\/schema\/logo\/image\/\"},\"sameAs\":[\"https:\/\/www.linkedin.com\/in\/christine-saint-laurens\/\"]}]}<\/script>\n<!-- \/ Yoast SEO plugin. -->","yoast_head_json":{"title":"About - Christine Saint Laurens","robots":{"index":"index","follow":"follow","max-snippet":"max-snippet:-1","max-image-preview":"max-image-preview:large","max-video-preview":"max-video-preview:-1"},"canonical":"https:\/\/www.christinesaintlaurens.com\/fr\/about-christine\/","og_locale":"fr_FR","og_type":"article","og_title":"About - Christine Saint Laurens","og_url":"https:\/\/www.christinesaintlaurens.com\/fr\/about-christine\/","og_site_name":"Christine Saint Laurens","article_modified_time":"2025-09-05T07:29:43+00:00","twitter_card":"summary_large_image","twitter_misc":{"Dur\u00e9e de lecture estim\u00e9e":"4 minutes"},"schema":{"@context":"https:\/\/schema.org","@graph":[{"@type":"WebPage","@id":"https:\/\/www.christinesaintlaurens.com\/about-christine\/","url":"https:\/\/www.christinesaintlaurens.com\/about-christine\/","name":"About - Christine Saint Laurens","isPartOf":{"@id":"https:\/\/www.christinesaintlaurens.com\/#website"},"datePublished":"2024-09-27T00:27:05+00:00","dateModified":"2025-09-05T07:29:43+00:00","breadcrumb":{"@id":"https:\/\/www.christinesaintlaurens.com\/about-christine\/#breadcrumb"},"inLanguage":"fr-FR","potentialAction":[{"@type":"ReadAction","target":["https:\/\/www.christinesaintlaurens.com\/about-christine\/"]}]},{"@type":"BreadcrumbList","@id":"https:\/\/www.christinesaintlaurens.com\/about-christine\/#breadcrumb","itemListElement":[{"@type":"ListItem","position":1,"name":"Home","item":"https:\/\/www.christinesaintlaurens.com\/"},{"@type":"ListItem","position":2,"name":"About"}]},{"@type":"WebSite","@id":"https:\/\/www.christinesaintlaurens.com\/#website","url":"https:\/\/www.christinesaintlaurens.com\/","name":"Christine Saint Laurens","description":"","publisher":{"@id":"https:\/\/www.christinesaintlaurens.com\/#organization"},"potentialAction":[{"@type":"SearchAction","target":{"@type":"EntryPoint","urlTemplate":"https:\/\/www.christinesaintlaurens.com\/?s={search_term_string}"},"query-input":{"@type":"PropertyValueSpecification","valueRequired":true,"valueName":"search_term_string"}}],"inLanguage":"fr-FR"},{"@type":"Organization","@id":"https:\/\/www.christinesaintlaurens.com\/#organization","name":"Christine Saint Laurens","url":"https:\/\/www.christinesaintlaurens.com\/","logo":{"@type":"ImageObject","inLanguage":"fr-FR","@id":"https:\/\/www.christinesaintlaurens.com\/#\/schema\/logo\/image\/","url":"https:\/\/www.christinesaintlaurens.com\/wp-content\/uploads\/2024\/09\/Votre-texte-de-paragraphe1-e1725373555603.png","contentUrl":"https:\/\/www.christinesaintlaurens.com\/wp-content\/uploads\/2024\/09\/Votre-texte-de-paragraphe1-e1725373555603.png","width":268,"height":70,"caption":"Christine Saint Laurens"},"image":{"@id":"https:\/\/www.christinesaintlaurens.com\/#\/schema\/logo\/image\/"},"sameAs":["https:\/\/www.linkedin.com\/in\/christine-saint-laurens\/"]}]}},"_links":{"self":[{"href":"https:\/\/www.christinesaintlaurens.com\/fr\/wp-json\/wp\/v2\/pages\/2005","targetHints":{"allow":["GET"]}}],"collection":[{"href":"https:\/\/www.christinesaintlaurens.com\/fr\/wp-json\/wp\/v2\/pages"}],"about":[{"href":"https:\/\/www.christinesaintlaurens.com\/fr\/wp-json\/wp\/v2\/types\/page"}],"author":[{"embeddable":true,"href":"https:\/\/www.christinesaintlaurens.com\/fr\/wp-json\/wp\/v2\/users\/2"}],"replies":[{"embeddable":true,"href":"https:\/\/www.christinesaintlaurens.com\/fr\/wp-json\/wp\/v2\/comments?post=2005"}],"version-history":[{"count":25,"href":"https:\/\/www.christinesaintlaurens.com\/fr\/wp-json\/wp\/v2\/pages\/2005\/revisions"}],"predecessor-version":[{"id":2447,"href":"https:\/\/www.christinesaintlaurens.com\/fr\/wp-json\/wp\/v2\/pages\/2005\/revisions\/2447"}],"wp:attachment":[{"href":"https:\/\/www.christinesaintlaurens.com\/fr\/wp-json\/wp\/v2\/media?parent=2005"}],"curies":[{"name":"wp","href":"https:\/\/api.w.org\/{rel}","templated":true}]}}